{"id":1821,"date":"2015-08-07T14:06:24","date_gmt":"2015-08-07T11:06:24","guid":{"rendered":"http:\/\/www.dzukijosmediena.lt\/ru\/%d0%b3%d0%b0%d0%bb%d0%b5%d1%80%d0%b5%d1%8f\/"},"modified":"2015-08-07T17:25:53","modified_gmt":"2015-08-07T14:25:53","slug":"%d0%b3%d0%b0%d0%bb%d0%b5%d1%80%d0%b5%d1%8f","status":"publish","type":"page","link":"https:\/\/www.dzukijosmediena.lt\/ru\/%d0%b3%d0%b0%d0%bb%d0%b5%d1%80%d0%b5%d1%8f\/","title":{"rendered":"\u0413\u0430\u043b\u0435\u0440\u0435\u044f"},"content":{"rendered":"<div class=\"wpb-content-wrapper\"><p>[vc_row full_width=&#187;&#187; parallax=&#187;&#187; parallax_image=&#187;&#187; row_fullwidth=&#187;0&#8243; parallax_class=&#187;&#187; row_id=&#187;&#187; overlay=&#187;no&#187; css=&#187;.vc_custom_1432742940120{margin-top: 50px !important;margin-bottom: 30px !important;}&#187;][vc_column width=&#187;1\/1&#8243;][vc_custom_heading text=&#187;DZ\u016aKIJOS MEDIENA, \u0420\u0410\u0411\u041e\u0422\u042b \u041f\u041e \u0412\u042b\u0420\u0423\u0411\u041a\u0415 \u0418 \u041f\u041e\u0413\u0420\u0423\u0417\u041a\u0415 \u0414\u0420\u0415\u0412\u0415\u0421\u0418\u041d\u042b&#187; font_container=&#187;tag:h2|text_align:left&#187; google_fonts=&#187;font_family:Open%20Sans%3A300%2C300italic%2Cregular%2Citalic%2C600%2C600italic%2C700%2C700italic%2C800%2C800italic|font_style:600%20bold%20regular%3A600%3Anormal&#187;][vc_gallery type=&#187;image_grid&#187; interval=&#187;3&#8243; images=&#187;1114,1113,1112,1111,1110,1109,1108,1107,1106,1105,1104,1103,1232,1233,1234,1235,1236,1237,1238,1239,1240,1241&#8243; onclick=&#187;link_image&#187; custom_links_target=&#187;_self&#187; img_size=&#187;medium&#187;][\/vc_column][\/vc_row]<\/p>\n<\/div>","protected":false},"excerpt":{"rendered":"<p>[vc_row full_width=&#187;&#187; parallax=&#187;&#187; parallax_image=&#187;&#187; row_fullwidth=&#187;0&#8243; parallax_class=&#187;&#187; row_id=&#187;&#187; overlay=&#187;no&#187; css=&#187;.vc_custom_1432742940120{margin-top: 50px !important;margin-bottom: 30px !important;}&#187;][vc_column width=&#187;1\/1&#8243;][vc_custom_heading text=&#187;DZ\u016aKIJOS MEDIENA, \u0420\u0410\u0411\u041e\u0422\u042b \u041f\u041e \u0412\u042b\u0420\u0423\u0411\u041a\u0415 \u0418 \u041f\u041e\u0413\u0420\u0423\u0417\u041a\u0415 \u0414\u0420\u0415\u0412\u0415\u0421\u0418\u041d\u042b&#187; font_container=&#187;tag:h2|text_align:left&#187; google_fonts=&#187;font_family:Open%20Sans%3A300%2C300italic%2Cregular%2Citalic%2C600%2C600italic%2C700%2C700italic%2C800%2C800italic|font_style:600%20bold%20regular%3A600%3Anormal&#187;][vc_gallery type=&#187;image_grid&#187; interval=&#187;3&#8243; images=&#187;1114,1113,1112,1111,1110,1109,1108,1107,1106,1105,1104,1103,1232,1233,1234,1235,1236,1237,1238,1239,1240,1241&#8243; onclick=&#187;link_image&#187; custom_links_target=&#187;_self&#187; img_size=&#187;medium&#187;][\/vc_column][\/vc_row]<\/p>\n","protected":false},"author":1,"featured_media":0,"parent":0,"menu_order":0,"comment_status":"open","ping_status":"open","template":"page-templates\/page-no-breadcrumb.php","meta":{"footnotes":""},"yoast_head":"<!-- This site is optimized with the Yoast SEO plugin v23.5 - https:\/\/yoast.com\/wordpress\/plugins\/seo\/ -->\n<title>\u0413\u0430\u043b\u0435\u0440\u0435\u044f - Dz\u016bkijos Mediena<\/title>\n<meta name=\"description\" content=\"Dz\u016bkijos Mediena, \u0413\u0430\u043b\u0435\u0440\u0435\u044f. Med\u017eio kirtimo, pakrovimo darbai.\" \/>\n<meta name=\"robots\" content=\"index, follow, max-snippet:-1, max-image-preview:large, max-video-preview:-1\" \/>\n<link rel=\"canonical\" href=\"https:\/\/www.dzukijosmediena.lt\/ru\/\u0433\u0430\u043b\u0435\u0440\u0435\u044f\/\" \/>\n<meta property=\"og:locale\" content=\"ru_RU\" \/>\n<meta property=\"og:type\" content=\"article\" \/>\n<meta property=\"og:title\" content=\"\u0413\u0430\u043b\u0435\u0440\u0435\u044f - Dz\u016bkijos Mediena\" \/>\n<meta property=\"og:description\" content=\"Dz\u016bkijos Mediena, \u0413\u0430\u043b\u0435\u0440\u0435\u044f. Med\u017eio kirtimo, pakrovimo darbai.\" \/>\n<meta property=\"og:url\" content=\"https:\/\/www.dzukijosmediena.lt\/ru\/\u0433\u0430\u043b\u0435\u0440\u0435\u044f\/\" \/>\n<meta property=\"og:site_name\" content=\"Dz\u016bkijos mediena\" \/>\n<meta property=\"article:modified_time\" content=\"2015-08-07T14:25:53+00:00\" \/>\n<meta name=\"twitter:card\" content=\"summary_large_image\" \/>\n<script type=\"application\/ld+json\" class=\"yoast-schema-graph\">{\"@context\":\"https:\/\/schema.org\",\"@graph\":[{\"@type\":\"WebPage\",\"@id\":\"https:\/\/www.dzukijosmediena.lt\/ru\/%d0%b3%d0%b0%d0%bb%d0%b5%d1%80%d0%b5%d1%8f\/\",\"url\":\"https:\/\/www.dzukijosmediena.lt\/ru\/%d0%b3%d0%b0%d0%bb%d0%b5%d1%80%d0%b5%d1%8f\/\",\"name\":\"\u0413\u0430\u043b\u0435\u0440\u0435\u044f - Dz\u016bkijos Mediena\",\"isPartOf\":{\"@id\":\"https:\/\/www.dzukijosmediena.lt\/#website\"},\"datePublished\":\"2015-08-07T11:06:24+00:00\",\"dateModified\":\"2015-08-07T14:25:53+00:00\",\"description\":\"Dz\u016bkijos Mediena, \u0413\u0430\u043b\u0435\u0440\u0435\u044f. Med\u017eio kirtimo, pakrovimo darbai.\",\"breadcrumb\":{\"@id\":\"https:\/\/www.dzukijosmediena.lt\/ru\/%d0%b3%d0%b0%d0%bb%d0%b5%d1%80%d0%b5%d1%8f\/#breadcrumb\"},\"inLanguage\":\"ru-RU\",\"potentialAction\":[{\"@type\":\"ReadAction\",\"target\":[\"https:\/\/www.dzukijosmediena.lt\/ru\/%d0%b3%d0%b0%d0%bb%d0%b5%d1%80%d0%b5%d1%8f\/\"]}]},{\"@type\":\"BreadcrumbList\",\"@id\":\"https:\/\/www.dzukijosmediena.lt\/ru\/%d0%b3%d0%b0%d0%bb%d0%b5%d1%80%d0%b5%d1%8f\/#breadcrumb\",\"itemListElement\":[{\"@type\":\"ListItem\",\"position\":1,\"name\":\"Home\",\"item\":\"https:\/\/www.dzukijosmediena.lt\/ru\/%d0%bf%d0%b5%d1%80%d0%b2%d0%b8%d1%87%d0%bd%d1%8b%d0%b5\/\"},{\"@type\":\"ListItem\",\"position\":2,\"name\":\"\u0413\u0430\u043b\u0435\u0440\u0435\u044f\"}]},{\"@type\":\"WebSite\",\"@id\":\"https:\/\/www.dzukijosmediena.lt\/#website\",\"url\":\"https:\/\/www.dzukijosmediena.lt\/\",\"name\":\"Dz\u016bkijos mediena\",\"description\":\"Perkame mi\u0161k\u0105 | Parduodame medien\u0105 | \",\"potentialAction\":[{\"@type\":\"SearchAction\",\"target\":{\"@type\":\"EntryPoint\",\"urlTemplate\":\"https:\/\/www.dzukijosmediena.lt\/?s={search_term_string}\"},\"query-input\":{\"@type\":\"PropertyValueSpecification\",\"valueRequired\":true,\"valueName\":\"search_term_string\"}}],\"inLanguage\":\"ru-RU\"}]}<\/script>\n<!-- \/ Yoast SEO plugin. -->","yoast_head_json":{"title":"\u0413\u0430\u043b\u0435\u0440\u0435\u044f - Dz\u016bkijos Mediena","description":"Dz\u016bkijos Mediena, \u0413\u0430\u043b\u0435\u0440\u0435\u044f. Med\u017eio kirtimo, pakrovimo darbai.","robots":{"index":"index","follow":"follow","max-snippet":"max-snippet:-1","max-image-preview":"max-image-preview:large","max-video-preview":"max-video-preview:-1"},"canonical":"https:\/\/www.dzukijosmediena.lt\/ru\/\u0433\u0430\u043b\u0435\u0440\u0435\u044f\/","og_locale":"ru_RU","og_type":"article","og_title":"\u0413\u0430\u043b\u0435\u0440\u0435\u044f - Dz\u016bkijos Mediena","og_description":"Dz\u016bkijos Mediena, \u0413\u0430\u043b\u0435\u0440\u0435\u044f. Med\u017eio kirtimo, pakrovimo darbai.","og_url":"https:\/\/www.dzukijosmediena.lt\/ru\/\u0433\u0430\u043b\u0435\u0440\u0435\u044f\/","og_site_name":"Dz\u016bkijos mediena","article_modified_time":"2015-08-07T14:25:53+00:00","twitter_card":"summary_large_image","schema":{"@context":"https:\/\/schema.org","@graph":[{"@type":"WebPage","@id":"https:\/\/www.dzukijosmediena.lt\/ru\/%d0%b3%d0%b0%d0%bb%d0%b5%d1%80%d0%b5%d1%8f\/","url":"https:\/\/www.dzukijosmediena.lt\/ru\/%d0%b3%d0%b0%d0%bb%d0%b5%d1%80%d0%b5%d1%8f\/","name":"\u0413\u0430\u043b\u0435\u0440\u0435\u044f - Dz\u016bkijos Mediena","isPartOf":{"@id":"https:\/\/www.dzukijosmediena.lt\/#website"},"datePublished":"2015-08-07T11:06:24+00:00","dateModified":"2015-08-07T14:25:53+00:00","description":"Dz\u016bkijos Mediena, \u0413\u0430\u043b\u0435\u0440\u0435\u044f. Med\u017eio kirtimo, pakrovimo darbai.","breadcrumb":{"@id":"https:\/\/www.dzukijosmediena.lt\/ru\/%d0%b3%d0%b0%d0%bb%d0%b5%d1%80%d0%b5%d1%8f\/#breadcrumb"},"inLanguage":"ru-RU","potentialAction":[{"@type":"ReadAction","target":["https:\/\/www.dzukijosmediena.lt\/ru\/%d0%b3%d0%b0%d0%bb%d0%b5%d1%80%d0%b5%d1%8f\/"]}]},{"@type":"BreadcrumbList","@id":"https:\/\/www.dzukijosmediena.lt\/ru\/%d0%b3%d0%b0%d0%bb%d0%b5%d1%80%d0%b5%d1%8f\/#breadcrumb","itemListElement":[{"@type":"ListItem","position":1,"name":"Home","item":"https:\/\/www.dzukijosmediena.lt\/ru\/%d0%bf%d0%b5%d1%80%d0%b2%d0%b8%d1%87%d0%bd%d1%8b%d0%b5\/"},{"@type":"ListItem","position":2,"name":"\u0413\u0430\u043b\u0435\u0440\u0435\u044f"}]},{"@type":"WebSite","@id":"https:\/\/www.dzukijosmediena.lt\/#website","url":"https:\/\/www.dzukijosmediena.lt\/","name":"Dz\u016bkijos mediena","description":"Perkame mi\u0161k\u0105 | Parduodame medien\u0105 | ","potentialAction":[{"@type":"SearchAction","target":{"@type":"EntryPoint","urlTemplate":"https:\/\/www.dzukijosmediena.lt\/?s={search_term_string}"},"query-input":{"@type":"PropertyValueSpecification","valueRequired":true,"valueName":"search_term_string"}}],"inLanguage":"ru-RU"}]}},"_links":{"self":[{"href":"https:\/\/www.dzukijosmediena.lt\/ru\/wp-json\/wp\/v2\/pages\/1821"}],"collection":[{"href":"https:\/\/www.dzukijosmediena.lt\/ru\/wp-json\/wp\/v2\/pages"}],"about":[{"href":"https:\/\/www.dzukijosmediena.lt\/ru\/wp-json\/wp\/v2\/types\/page"}],"author":[{"embeddable":true,"href":"https:\/\/www.dzukijosmediena.lt\/ru\/wp-json\/wp\/v2\/users\/1"}],"replies":[{"embeddable":true,"href":"https:\/\/www.dzukijosmediena.lt\/ru\/wp-json\/wp\/v2\/comments?post=1821"}],"version-history":[{"count":2,"href":"https:\/\/www.dzukijosmediena.lt\/ru\/wp-json\/wp\/v2\/pages\/1821\/revisions"}],"predecessor-version":[{"id":1855,"href":"https:\/\/www.dzukijosmediena.lt\/ru\/wp-json\/wp\/v2\/pages\/1821\/revisions\/1855"}],"wp:attachment":[{"href":"https:\/\/www.dzukijosmediena.lt\/ru\/wp-json\/wp\/v2\/media?parent=1821"}],"curies":[{"name":"wp","href":"https:\/\/api.w.org\/{rel}","templated":true}]}}