{"id":1811,"date":"2015-08-07T13:38:22","date_gmt":"2015-08-07T10:38:22","guid":{"rendered":"http:\/\/www.dzukijosmediena.lt\/ru\/%d0%ba%d0%be%d0%bd%d1%82%d0%b0%d0%ba%d1%82%d1%8b\/"},"modified":"2015-08-07T17:15:48","modified_gmt":"2015-08-07T14:15:48","slug":"%d0%ba%d0%be%d0%bd%d1%82%d0%b0%d0%ba%d1%82%d1%8b","status":"publish","type":"page","link":"https:\/\/www.dzukijosmediena.lt\/ru\/%d0%ba%d0%be%d0%bd%d1%82%d0%b0%d0%ba%d1%82%d1%8b\/","title":{"rendered":"\u041a\u043e\u043d\u0442\u0430\u043a\u0442\u044b"},"content":{"rendered":"<div class=\"wpb-content-wrapper\"><p>[vc_row full_width=&#187;&#187; parallax=&#187;&#187; parallax_image=&#187;&#187; row_fullwidth=&#187;0&#8243; parallax_class=&#187;&#187; row_id=&#187;contact-page&#187; overlay=&#187;no&#187; el_class=&#187;contact-page&#187; css=&#187;.vc_custom_1419562577218{padding-top: 20px !important;}&#187;][vc_column width=&#187;1\/1&#8243;][vc_row_inner][vc_column_inner el_class=&#187;&#187; width=&#187;1\/1&#8243;][vc_column_text]<\/p>\n<h1><strong>\u0421\u0412\u042f\u0416\u0418\u0422\u0415\u0421\u042c<\/strong><\/h1>\n<ul>\n<li><i class=\"fa fa-phone\"><\/i> Naujoji g. 3, Alytus<\/li>\n<li><i class=\"fa fa-envelope-o\"><\/i>\u00a0\u042d\u043b. \u043f\u043e\u0447\u0442\u0430 <a href=\"mailto:info@dzukijosmediena.lt\">info@dzukijosmediena.lt<\/a><\/li>\n<li><i class=\"fa fa-fax\"><\/i> \u0422\u0435\u043b.\/\u0444a\u043ac: 8(315) 22897<\/li>\n<li><i class=\"fa fa-phone\"><\/i> <strong>\u0417\u0430\u043a\u0443\u043f\u0430\u0435\u043c \u043b\u0435c,<\/strong> \u0422\u0435\u043b. 8 698 55 325<\/li>\n<li><i class=\"fa fa-phone\"><\/i> <strong>\u041f\u0440\u043e\u0434\u0430\u0435\u043c \u0434\u0440\u0435\u0432\u0435\u0441\u0438\u043d\u0443, <\/strong>\u0422\u0435\u043b. 8 612 03 489<\/li>\n<li><i class=\"fa fa-phone\"><\/i> <strong>\u0411\u0443\u0445\u0433\u0430\u043b\u0442\u0435\u0440\u0438\u044f: <\/strong>\u0422\u0435\u043b. 8 686 22 567<\/li>\n<\/ul>\n<p>\u0417\u0410\u041e \u00abDz\u016bkijos mediena\u00bb \u2013\u00a0\u0447\u043b\u0435\u043d \u0410\u0441\u0441\u043e\u0446\u0438\u0430\u0446\u0438\u0438 \u043b\u0435\u0441\u043e\u0432\u043b\u0430\u0434\u0435\u043b\u044c\u0446\u0435\u0432 \u041b\u0438\u0442\u0432\u044b (LMSA).[\/vc_column_text][\/vc_column_inner][\/vc_row_inner][vc_row_inner][vc_column_inner el_class=&#187;invest-form&#187; width=&#187;1\/1&#8243;][vc_column_text]\n<div class=\"wpcf7 no-js\" id=\"wpcf7-f1848-o1\" lang=\"en-US\" dir=\"ltr\">\n<div class=\"screen-reader-response\"><p role=\"status\" aria-live=\"polite\" aria-atomic=\"true\"><\/p> <ul><\/ul><\/div>\n<form action=\"\/ru\/wp-json\/wp\/v2\/pages\/1811#wpcf7-f1848-o1\" method=\"post\" class=\"wpcf7-form init\" aria-label=\"Contact form\" novalidate=\"novalidate\" data-status=\"init\">\n<div style=\"display: none;\">\n<input type=\"hidden\" name=\"_wpcf7\" value=\"1848\" \/>\n<input type=\"hidden\" name=\"_wpcf7_version\" value=\"5.9.8\" \/>\n<input type=\"hidden\" name=\"_wpcf7_locale\" value=\"en_US\" \/>\n<input type=\"hidden\" name=\"_wpcf7_unit_tag\" value=\"wpcf7-f1848-o1\" \/>\n<input type=\"hidden\" name=\"_wpcf7_container_post\" value=\"0\" \/>\n<input type=\"hidden\" name=\"_wpcf7_posted_data_hash\" value=\"\" \/>\n<input type=\"hidden\" name=\"_wpcf7_recaptcha_response\" value=\"\" \/>\n<\/div>\n<div class=\"form-group\">\n\t<p><label class=\"control-label\" for=\"exampleInputPassword1\">\u0418\u043c\u044f<\/label><br \/>\n<span class=\"wpcf7-form-control-wrap\" data-name=\"name\"><input size=\"40\" maxlength=\"50\" class=\"wpcf7-form-control wpcf7-text wpcf7-validates-as-required form-control\" aria-required=\"true\" aria-invalid=\"false\" placeholder=\"\u0432\u0432\u0435\u0434\u0438\u0442\u0435 \u0418\u043c\u044f:\" value=\"\" type=\"text\" name=\"name\" \/><\/span>\n\t<\/p>\n<\/div>\n<div class=\"form-group\">\n\t<p><label class=\"control-label\" for=\"exampleInputEmail2\">\u042d\u043b. \u043f\u043e\u0447\u0442\u0430<\/label><br \/>\n<span class=\"wpcf7-form-control-wrap\" data-name=\"email\"><input size=\"40\" maxlength=\"400\" class=\"wpcf7-form-control wpcf7-email wpcf7-validates-as-required wpcf7-text wpcf7-validates-as-email form-control\" aria-required=\"true\" aria-invalid=\"false\" placeholder=\"\u0432\u0432\u0435\u0434\u0438\u0442\u0435 \u042d\u043b. \u043f\u043e\u0447\u0442\u0430:\" value=\"\" type=\"email\" name=\"email\" \/><\/span>\n\t<\/p>\n<\/div>\n<div class=\"form-group\">\n\t<p><label class=\"control-label\" for=\"exampleInputEmail3\">\u043f\u0440\u0435\u0434\u043f\u0440\u0438\u044f\u0442\u0438\u0435<\/label><br \/>\n<span class=\"wpcf7-form-control-wrap\" data-name=\"company\"><input size=\"40\" maxlength=\"400\" class=\"wpcf7-form-control wpcf7-text form-control\" aria-invalid=\"false\" placeholder=\"\u0432\u0432\u0435\u0434\u0438\u0442\u0435 \u043f\u0440\u0435\u0434\u043f\u0440\u0438\u044f\u0442\u0438\u0435 \u0418\u043c\u044f:\" value=\"\" type=\"text\" name=\"company\" \/><\/span>\n\t<\/p>\n<\/div>\n<div class=\"form-group\">\n\t<p><label class=\"control-label\" for=\"exampleInputEmail4\">\u0441\u043e\u043e\u0431\u0449\u0435\u043d\u0438\u0435<\/label><br \/>\n<span class=\"wpcf7-form-control-wrap\" data-name=\"message\"><textarea cols=\"40\" rows=\"10\" maxlength=\"2000\" class=\"wpcf7-form-control wpcf7-textarea form-control textarea\" aria-invalid=\"false\" placeholder=\"\u0441\u043e\u043e\u0431\u0449\u0435\u043d\u0438\u0435:\" name=\"message\"><\/textarea><\/span>\n\t<\/p>\n<\/div>\n<div class=\"form-group\">\n\t<p><input class=\"wpcf7-form-control wpcf7-submit has-spinner btn btn-submit\" type=\"submit\" value=\"\u043f\u043e\u0441\u043b\u0430\u0442\u044c\" \/>\n\t<\/p>\n<\/div><div class=\"wpcf7-response-output\" aria-hidden=\"true\"><\/div>\n<\/form>\n<\/div>\n[\/vc_column_text][\/vc_column_inner][\/vc_row_inner][\/vc_column][\/vc_row]<\/p>\n<\/div>","protected":false},"excerpt":{"rendered":"<p>[vc_row full_width=&#187;&#187; parallax=&#187;&#187; parallax_image=&#187;&#187; row_fullwidth=&#187;0&#8243; parallax_class=&#187;&#187; row_id=&#187;contact-page&#187; overlay=&#187;no&#187; el_class=&#187;contact-page&#187; css=&#187;.vc_custom_1419562577218{padding-top: 20px !important;}&#187;][vc_column width=&#187;1\/1&#8243;][vc_row_inner][vc_column_inner el_class=&#187;&#187; width=&#187;1\/1&#8243;][vc_column_text] \u0421\u0412\u042f\u0416\u0418\u0422\u0415\u0421\u042c Naujoji g. 3, Alytus \u00a0\u042d\u043b. \u043f\u043e\u0447\u0442\u0430 info@dzukijosmediena.lt \u0422\u0435\u043b.\/\u0444a\u043ac: 8(315) 22897 \u0417\u0430\u043a\u0443\u043f\u0430\u0435\u043c \u043b\u0435c, \u0422\u0435\u043b. 8 698 55 325 \u041f\u0440\u043e\u0434\u0430\u0435\u043c \u0434\u0440\u0435\u0432\u0435\u0441\u0438\u043d\u0443, \u0422\u0435\u043b. 8 612 03 489 \u0411\u0443\u0445\u0433\u0430\u043b\u0442\u0435\u0440\u0438\u044f: \u0422\u0435\u043b. 8 686 22 567 \u0417\u0410\u041e \u00abDz\u016bkijos mediena\u00bb \u2013\u00a0\u0447\u043b\u0435\u043d \u0410\u0441\u0441\u043e\u0446\u0438\u0430\u0446\u0438\u0438 \u043b\u0435\u0441\u043e\u0432\u043b\u0430\u0434\u0435\u043b\u044c\u0446\u0435\u0432 \u041b\u0438\u0442\u0432\u044b (LMSA).[\/vc_column_text][\/vc_column_inner][\/vc_row_inner][vc_row_inner][vc_column_inner el_class=&#187;invest-form&#187; [&hellip;]<\/p>\n","protected":false},"author":1,"featured_media":0,"parent":0,"menu_order":0,"comment_status":"open","ping_status":"open","template":"page-templates\/page-no-breadcrumb.php","meta":{"footnotes":""},"yoast_head":"<!-- This site is optimized with the Yoast SEO plugin v23.5 - https:\/\/yoast.com\/wordpress\/plugins\/seo\/ -->\n<title>\u041a\u043e\u043d\u0442\u0430\u043a\u0442\u044b - Dz\u016bkijos mediena<\/title>\n<meta name=\"robots\" content=\"index, follow, max-snippet:-1, max-image-preview:large, max-video-preview:-1\" \/>\n<link rel=\"canonical\" href=\"https:\/\/www.dzukijosmediena.lt\/ru\/\u043a\u043e\u043d\u0442\u0430\u043a\u0442\u044b\/\" \/>\n<meta property=\"og:locale\" content=\"ru_RU\" \/>\n<meta property=\"og:type\" content=\"article\" \/>\n<meta property=\"og:title\" content=\"\u041a\u043e\u043d\u0442\u0430\u043a\u0442\u044b - Dz\u016bkijos mediena\" \/>\n<meta property=\"og:description\" content=\"[vc_row full_width=&#187;&#187; parallax=&#187;&#187; parallax_image=&#187;&#187; row_fullwidth=&#187;0&#8243; parallax_class=&#187;&#187; row_id=&#187;contact-page&#187; overlay=&#187;no&#187; el_class=&#187;contact-page&#187; css=&#187;.vc_custom_1419562577218{padding-top: 20px !important;}&#187;][vc_column width=&#187;1\/1&#8243;][vc_row_inner][vc_column_inner el_class=&#187;&#187; width=&#187;1\/1&#8243;][vc_column_text] \u0421\u0412\u042f\u0416\u0418\u0422\u0415\u0421\u042c Naujoji g. 3, Alytus \u00a0\u042d\u043b. \u043f\u043e\u0447\u0442\u0430 info@dzukijosmediena.lt \u0422\u0435\u043b.\/\u0444a\u043ac: 8(315) 22897 \u0417\u0430\u043a\u0443\u043f\u0430\u0435\u043c \u043b\u0435c, \u0422\u0435\u043b. 8 698 55 325 \u041f\u0440\u043e\u0434\u0430\u0435\u043c \u0434\u0440\u0435\u0432\u0435\u0441\u0438\u043d\u0443, \u0422\u0435\u043b. 8 612 03 489 \u0411\u0443\u0445\u0433\u0430\u043b\u0442\u0435\u0440\u0438\u044f: \u0422\u0435\u043b. 8 686 22 567 \u0417\u0410\u041e \u00abDz\u016bkijos mediena\u00bb \u2013\u00a0\u0447\u043b\u0435\u043d \u0410\u0441\u0441\u043e\u0446\u0438\u0430\u0446\u0438\u0438 \u043b\u0435\u0441\u043e\u0432\u043b\u0430\u0434\u0435\u043b\u044c\u0446\u0435\u0432 \u041b\u0438\u0442\u0432\u044b (LMSA).[\/vc_column_text][\/vc_column_inner][\/vc_row_inner][vc_row_inner][vc_column_inner el_class=&#187;invest-form&#187; [&hellip;]\" \/>\n<meta property=\"og:url\" content=\"https:\/\/www.dzukijosmediena.lt\/ru\/\u043a\u043e\u043d\u0442\u0430\u043a\u0442\u044b\/\" \/>\n<meta property=\"og:site_name\" content=\"Dz\u016bkijos mediena\" \/>\n<meta property=\"article:modified_time\" content=\"2015-08-07T14:15:48+00:00\" \/>\n<meta name=\"twitter:card\" content=\"summary_large_image\" \/>\n<script type=\"application\/ld+json\" class=\"yoast-schema-graph\">{\"@context\":\"https:\/\/schema.org\",\"@graph\":[{\"@type\":\"WebPage\",\"@id\":\"https:\/\/www.dzukijosmediena.lt\/ru\/%d0%ba%d0%be%d0%bd%d1%82%d0%b0%d0%ba%d1%82%d1%8b\/\",\"url\":\"https:\/\/www.dzukijosmediena.lt\/ru\/%d0%ba%d0%be%d0%bd%d1%82%d0%b0%d0%ba%d1%82%d1%8b\/\",\"name\":\"\u041a\u043e\u043d\u0442\u0430\u043a\u0442\u044b - Dz\u016bkijos mediena\",\"isPartOf\":{\"@id\":\"https:\/\/www.dzukijosmediena.lt\/#website\"},\"datePublished\":\"2015-08-07T10:38:22+00:00\",\"dateModified\":\"2015-08-07T14:15:48+00:00\",\"breadcrumb\":{\"@id\":\"https:\/\/www.dzukijosmediena.lt\/ru\/%d0%ba%d0%be%d0%bd%d1%82%d0%b0%d0%ba%d1%82%d1%8b\/#breadcrumb\"},\"inLanguage\":\"ru-RU\",\"potentialAction\":[{\"@type\":\"ReadAction\",\"target\":[\"https:\/\/www.dzukijosmediena.lt\/ru\/%d0%ba%d0%be%d0%bd%d1%82%d0%b0%d0%ba%d1%82%d1%8b\/\"]}]},{\"@type\":\"BreadcrumbList\",\"@id\":\"https:\/\/www.dzukijosmediena.lt\/ru\/%d0%ba%d0%be%d0%bd%d1%82%d0%b0%d0%ba%d1%82%d1%8b\/#breadcrumb\",\"itemListElement\":[{\"@type\":\"ListItem\",\"position\":1,\"name\":\"Home\",\"item\":\"https:\/\/www.dzukijosmediena.lt\/ru\/%d0%bf%d0%b5%d1%80%d0%b2%d0%b8%d1%87%d0%bd%d1%8b%d0%b5\/\"},{\"@type\":\"ListItem\",\"position\":2,\"name\":\"\u041a\u043e\u043d\u0442\u0430\u043a\u0442\u044b\"}]},{\"@type\":\"WebSite\",\"@id\":\"https:\/\/www.dzukijosmediena.lt\/#website\",\"url\":\"https:\/\/www.dzukijosmediena.lt\/\",\"name\":\"Dz\u016bkijos mediena\",\"description\":\"Perkame mi\u0161k\u0105 | Parduodame medien\u0105 | \",\"potentialAction\":[{\"@type\":\"SearchAction\",\"target\":{\"@type\":\"EntryPoint\",\"urlTemplate\":\"https:\/\/www.dzukijosmediena.lt\/?s={search_term_string}\"},\"query-input\":{\"@type\":\"PropertyValueSpecification\",\"valueRequired\":true,\"valueName\":\"search_term_string\"}}],\"inLanguage\":\"ru-RU\"}]}<\/script>\n<!-- \/ Yoast SEO plugin. -->","yoast_head_json":{"title":"\u041a\u043e\u043d\u0442\u0430\u043a\u0442\u044b - Dz\u016bkijos mediena","robots":{"index":"index","follow":"follow","max-snippet":"max-snippet:-1","max-image-preview":"max-image-preview:large","max-video-preview":"max-video-preview:-1"},"canonical":"https:\/\/www.dzukijosmediena.lt\/ru\/\u043a\u043e\u043d\u0442\u0430\u043a\u0442\u044b\/","og_locale":"ru_RU","og_type":"article","og_title":"\u041a\u043e\u043d\u0442\u0430\u043a\u0442\u044b - Dz\u016bkijos mediena","og_description":"[vc_row full_width=&#187;&#187; parallax=&#187;&#187; parallax_image=&#187;&#187; row_fullwidth=&#187;0&#8243; parallax_class=&#187;&#187; row_id=&#187;contact-page&#187; overlay=&#187;no&#187; el_class=&#187;contact-page&#187; css=&#187;.vc_custom_1419562577218{padding-top: 20px !important;}&#187;][vc_column width=&#187;1\/1&#8243;][vc_row_inner][vc_column_inner el_class=&#187;&#187; width=&#187;1\/1&#8243;][vc_column_text] \u0421\u0412\u042f\u0416\u0418\u0422\u0415\u0421\u042c Naujoji g. 3, Alytus \u00a0\u042d\u043b. \u043f\u043e\u0447\u0442\u0430 info@dzukijosmediena.lt \u0422\u0435\u043b.\/\u0444a\u043ac: 8(315) 22897 \u0417\u0430\u043a\u0443\u043f\u0430\u0435\u043c \u043b\u0435c, \u0422\u0435\u043b. 8 698 55 325 \u041f\u0440\u043e\u0434\u0430\u0435\u043c \u0434\u0440\u0435\u0432\u0435\u0441\u0438\u043d\u0443, \u0422\u0435\u043b. 8 612 03 489 \u0411\u0443\u0445\u0433\u0430\u043b\u0442\u0435\u0440\u0438\u044f: \u0422\u0435\u043b. 8 686 22 567 \u0417\u0410\u041e \u00abDz\u016bkijos mediena\u00bb \u2013\u00a0\u0447\u043b\u0435\u043d \u0410\u0441\u0441\u043e\u0446\u0438\u0430\u0446\u0438\u0438 \u043b\u0435\u0441\u043e\u0432\u043b\u0430\u0434\u0435\u043b\u044c\u0446\u0435\u0432 \u041b\u0438\u0442\u0432\u044b (LMSA).[\/vc_column_text][\/vc_column_inner][\/vc_row_inner][vc_row_inner][vc_column_inner el_class=&#187;invest-form&#187; [&hellip;]","og_url":"https:\/\/www.dzukijosmediena.lt\/ru\/\u043a\u043e\u043d\u0442\u0430\u043a\u0442\u044b\/","og_site_name":"Dz\u016bkijos mediena","article_modified_time":"2015-08-07T14:15:48+00:00","twitter_card":"summary_large_image","schema":{"@context":"https:\/\/schema.org","@graph":[{"@type":"WebPage","@id":"https:\/\/www.dzukijosmediena.lt\/ru\/%d0%ba%d0%be%d0%bd%d1%82%d0%b0%d0%ba%d1%82%d1%8b\/","url":"https:\/\/www.dzukijosmediena.lt\/ru\/%d0%ba%d0%be%d0%bd%d1%82%d0%b0%d0%ba%d1%82%d1%8b\/","name":"\u041a\u043e\u043d\u0442\u0430\u043a\u0442\u044b - Dz\u016bkijos mediena","isPartOf":{"@id":"https:\/\/www.dzukijosmediena.lt\/#website"},"datePublished":"2015-08-07T10:38:22+00:00","dateModified":"2015-08-07T14:15:48+00:00","breadcrumb":{"@id":"https:\/\/www.dzukijosmediena.lt\/ru\/%d0%ba%d0%be%d0%bd%d1%82%d0%b0%d0%ba%d1%82%d1%8b\/#breadcrumb"},"inLanguage":"ru-RU","potentialAction":[{"@type":"ReadAction","target":["https:\/\/www.dzukijosmediena.lt\/ru\/%d0%ba%d0%be%d0%bd%d1%82%d0%b0%d0%ba%d1%82%d1%8b\/"]}]},{"@type":"BreadcrumbList","@id":"https:\/\/www.dzukijosmediena.lt\/ru\/%d0%ba%d0%be%d0%bd%d1%82%d0%b0%d0%ba%d1%82%d1%8b\/#breadcrumb","itemListElement":[{"@type":"ListItem","position":1,"name":"Home","item":"https:\/\/www.dzukijosmediena.lt\/ru\/%d0%bf%d0%b5%d1%80%d0%b2%d0%b8%d1%87%d0%bd%d1%8b%d0%b5\/"},{"@type":"ListItem","position":2,"name":"\u041a\u043e\u043d\u0442\u0430\u043a\u0442\u044b"}]},{"@type":"WebSite","@id":"https:\/\/www.dzukijosmediena.lt\/#website","url":"https:\/\/www.dzukijosmediena.lt\/","name":"Dz\u016bkijos mediena","description":"Perkame mi\u0161k\u0105 | Parduodame medien\u0105 | ","potentialAction":[{"@type":"SearchAction","target":{"@type":"EntryPoint","urlTemplate":"https:\/\/www.dzukijosmediena.lt\/?s={search_term_string}"},"query-input":{"@type":"PropertyValueSpecification","valueRequired":true,"valueName":"search_term_string"}}],"inLanguage":"ru-RU"}]}},"_links":{"self":[{"href":"https:\/\/www.dzukijosmediena.lt\/ru\/wp-json\/wp\/v2\/pages\/1811"}],"collection":[{"href":"https:\/\/www.dzukijosmediena.lt\/ru\/wp-json\/wp\/v2\/pages"}],"about":[{"href":"https:\/\/www.dzukijosmediena.lt\/ru\/wp-json\/wp\/v2\/types\/page"}],"author":[{"embeddable":true,"href":"https:\/\/www.dzukijosmediena.lt\/ru\/wp-json\/wp\/v2\/users\/1"}],"replies":[{"embeddable":true,"href":"https:\/\/www.dzukijosmediena.lt\/ru\/wp-json\/wp\/v2\/comments?post=1811"}],"version-history":[{"count":5,"href":"https:\/\/www.dzukijosmediena.lt\/ru\/wp-json\/wp\/v2\/pages\/1811\/revisions"}],"predecessor-version":[{"id":1851,"href":"https:\/\/www.dzukijosmediena.lt\/ru\/wp-json\/wp\/v2\/pages\/1811\/revisions\/1851"}],"wp:attachment":[{"href":"https:\/\/www.dzukijosmediena.lt\/ru\/wp-json\/wp\/v2\/media?parent=1811"}],"curies":[{"name":"wp","href":"https:\/\/api.w.org\/{rel}","templated":true}]}}