{"id":1807,"date":"2015-08-07T13:34:15","date_gmt":"2015-08-07T10:34:15","guid":{"rendered":"http:\/\/www.dzukijosmediena.lt\/ru\/%d0%ba%d0%b0%d0%bb%d1%8c%d0%ba%d1%83%d0%bb%d1%8f%d1%82%d0%be%d1%80\/"},"modified":"2015-08-07T17:23:51","modified_gmt":"2015-08-07T14:23:51","slug":"%d0%ba%d0%b0%d0%bb%d1%8c%d0%ba%d1%83%d0%bb%d1%8f%d1%82%d0%be%d1%80","status":"publish","type":"page","link":"https:\/\/www.dzukijosmediena.lt\/ru\/%d0%ba%d0%b0%d0%bb%d1%8c%d0%ba%d1%83%d0%bb%d1%8f%d1%82%d0%be%d1%80\/","title":{"rendered":"\u041a\u0430\u043b\u044c\u043a\u0443\u043b\u044f\u0442\u043e\u0440"},"content":{"rendered":"<div class=\"wpb-content-wrapper\"><p>[vc_row css=&#187;.vc_custom_1419563426188{padding-top: 15px !important;}&#187; row_fullwidth=&#187;0&#8243; overlay=&#187;no&#187;][vc_column width=&#187;1\/1&#8243;][vc_column_text]<\/p>\n<h1>\u0417\u0410\u041f\u041e\u041b\u041d\u0418\u0422\u0415 \u0424\u041e\u0420\u041c\u0423 \u0417\u0410\u041f\u0420\u041e\u0421\u0410 \u0421\u0415\u0419\u0427\u0410\u0421!<\/h1>\n<p>\u041f\u0440\u0435\u0434\u0441\u0442\u0430\u0432\u0438\u0442\u0435\u043b\u044c \u043d\u0430\u0448\u0435\u0433\u043e \u043f\u0440\u0435\u0434\u043f\u0440\u0438\u044f\u0442\u0438\u044f \u0441\u0432\u044f\u0436\u0435\u0442\u0441\u044f \u0441 \u0412\u0430\u043c\u0438 \u043f\u043e \u0442\u0435\u043b\u0435\u0444\u043e\u043d\u0443 \u0438\u043b\u0438 \u044d\u043b. \u043f\u043e\u0447\u0442\u0435.[\/vc_column_text][\/vc_column][\/vc_row][vc_row css=&#187;.vc_custom_1421163113321{margin-bottom: 80px !important;}&#187; row_fullwidth=&#187;0&#8243; overlay=&#187;no&#187; row_id=&#187;investorForm&#187;][vc_column width=&#187;1\/1&#8243; el_class=&#187;invest-form&#187;][vc_column_text]\n<div class=\"wpcf7 no-js\" id=\"wpcf7-f1852-o1\" lang=\"en-US\" dir=\"ltr\">\n<div class=\"screen-reader-response\"><p role=\"status\" aria-live=\"polite\" aria-atomic=\"true\"><\/p> <ul><\/ul><\/div>\n<form action=\"\/ru\/wp-json\/wp\/v2\/pages\/1807#wpcf7-f1852-o1\" method=\"post\" class=\"wpcf7-form init\" aria-label=\"Contact form\" novalidate=\"novalidate\" data-status=\"init\">\n<div style=\"display: none;\">\n<input type=\"hidden\" name=\"_wpcf7\" value=\"1852\" \/>\n<input type=\"hidden\" name=\"_wpcf7_version\" value=\"5.9.8\" \/>\n<input type=\"hidden\" name=\"_wpcf7_locale\" value=\"en_US\" \/>\n<input type=\"hidden\" name=\"_wpcf7_unit_tag\" value=\"wpcf7-f1852-o1\" \/>\n<input type=\"hidden\" name=\"_wpcf7_container_post\" value=\"0\" \/>\n<input type=\"hidden\" name=\"_wpcf7_posted_data_hash\" value=\"\" \/>\n<input type=\"hidden\" name=\"_wpcf7_recaptcha_response\" value=\"\" \/>\n<\/div>\n<p class=\"help-block\">\u041f\u043e\u043b\u044f \u0441 <span class=\"atrisk\">*<\/span> \u044f\u0432\u043b\u044f\u044e\u0442\u0441\u044f \u043e\u0431\u044f\u0437\u0430\u0442\u0435\u043b\u044c\u043d\u044b\u043c\u0438.\n<\/p>\n<div class=\"col-md-6\">\n\t<div class=\"form-group\">\n\t\t<p><label class=\"control-label\" for=\"name\">\u0418\u043c\u044f, \u0444\u0430\u043c\u0438\u043b\u0438\u044f<span class=\"atrisk\">*<\/span> <\/label><br \/>\n<span class=\"wpcf7-form-control-wrap\" data-name=\"vardaspavarde\"><input size=\"40\" maxlength=\"400\" class=\"wpcf7-form-control wpcf7-text wpcf7-validates-as-required form-control input-md\" aria-required=\"true\" aria-invalid=\"false\" placeholder=\"\u0412\u0432\u0435\u0434\u0438\u0442\u0435 \u0441\u0432\u043e\u0435 \u0438\u043c\u044f \u0438 \u0444\u0430\u043c\u0438\u043b\u0438\u044e\" value=\"\" type=\"text\" name=\"vardaspavarde\" \/><\/span>\n\t\t<\/p>\n\t<\/div>\n\t<div class=\"form-group\">\n\t\t<p><label class=\"control-label\" for=\"name\">\u042d\u043b. \u043f\u043e\u0447\u0442\u0430 <\/label><br \/>\n<span class=\"wpcf7-form-control-wrap\" data-name=\"elpastas\"><input size=\"40\" maxlength=\"400\" class=\"wpcf7-form-control wpcf7-email wpcf7-text wpcf7-validates-as-email form-control input-md\" aria-invalid=\"false\" placeholder=\"\u0412\u0432\u0435\u0434\u0438\u0442\u0435 \u0430\u0434\u0440\u0435\u0441 \u0441\u0432\u043e\u0435\u0439 \u044d\u043b\u0435\u043a\u0442\u0440\u043e\u043d\u043d\u043e\u0439 \u043f\u043e\u0447\u0442\u044b\" value=\"\" type=\"email\" name=\"elpastas\" \/><\/span>\n\t\t<\/p>\n\t<\/div>\n\t<div class=\"form-group\">\n\t\t<p><label class=\"control-label\" for=\"name\">\u0422\u0435\u043b\u0435\u0444\u043e\u043d <span class=\"atrisk\">*<\/span> <\/label><br \/>\n<span class=\"wpcf7-form-control-wrap\" data-name=\"telefonas\"><input size=\"40\" maxlength=\"15\" class=\"wpcf7-form-control wpcf7-tel wpcf7-validates-as-required wpcf7-text wpcf7-validates-as-tel form-control input-md\" aria-required=\"true\" aria-invalid=\"false\" placeholder=\"\u0412\u0432\u0435\u0434\u0438\u0442\u0435 \u043d\u043e\u043c\u0435\u0440 \u0441\u0432\u043e\u0435\u0433\u043e \u0442\u0435\u043b\u0435\u0444\u043e\u043d\u0430\" value=\"\" type=\"tel\" name=\"telefonas\" \/><\/span>\n\t\t<\/p>\n\t<\/div>\n<\/div>\n<div class=\"col-md-6\">\n\t<div class=\"form-group\">\n\t\t<p><label class=\"control-label\" for=\"name\">\u0418\u0434\u0435\u043d\u0442\u0438\u0444\u0438\u043a\u0430\u0446\u0438\u044f \u0443\u0447\u0430\u0441\u0442\u043a\u0430 \u0441\u043e\u0433\u043b\u0430\u0441\u043d\u043e <\/label><br \/>\n<span class=\"wpcf7-form-control-wrap\" data-name=\"sklypoid\"><select class=\"wpcf7-form-control wpcf7-select form-control input-md\" aria-invalid=\"false\" name=\"sklypoid\"><option value=\"\">&#8212;Please choose an option&#8212;<\/option><option value=\"\u0423\u043d\u0438\u043a\u0430\u043b\u044c\u043d\u044b\u0439 \u043d\u043e\u043c\u0435\u0440 \u0443\u0447\u0430\u0441\u0442\u043a\u0430\">\u0423\u043d\u0438\u043a\u0430\u043b\u044c\u043d\u044b\u0439 \u043d\u043e\u043c\u0435\u0440 \u0443\u0447\u0430\u0441\u0442\u043a\u0430<\/option><option value=\"\u041a\u0430\u0434\u0430\u0441\u0442\u0440\u043e\u0432\u044b\u0439 \u043d\u043e\u043c\u0435\u0440\">\u041a\u0430\u0434\u0430\u0441\u0442\u0440\u043e\u0432\u044b\u0439 \u043d\u043e\u043c\u0435\u0440<\/option><option value=\"\u041d\u043e\u043c\u0435\u0440 \u0443\u0447\u0430\u0441\u0442\u043a\u0430\">\u041d\u043e\u043c\u0435\u0440 \u0443\u0447\u0430\u0441\u0442\u043a\u0430<\/option><option value=\"\u041d\u043e\u043c\u0435\u0440 \u0440\u0435\u0433\u0438\u0441\u0442\u0440\u0430\">\u041d\u043e\u043c\u0435\u0440 \u0440\u0435\u0433\u0438\u0441\u0442\u0440\u0430<\/option><\/select><\/span>\n\t\t<\/p>\n\t<\/div>\n\t<div class=\"form-group\">\n\t\t<p><label class=\"control-label\" for=\"name\">Numeris <\/label><br \/>\n<span class=\"wpcf7-form-control-wrap\" data-name=\"numeris\"><input size=\"40\" maxlength=\"400\" class=\"wpcf7-form-control wpcf7-text form-control input-md\" aria-invalid=\"false\" placeholder=\"\u0412\u0432\u0435\u0434\u0438\u0442\u0435 \u043d\u043e\u043c\u0435\u0440 \u0432\u044b\u0431\u043e\u0440\u0430 \u0438\u0434\u0435\u043d\u0442\u0438\u0444\u0438\u043a\u0430\u0446\u0438\u0438 \u0443\u0447\u0430\u0441\u0442\u043a\u0430\" value=\"\" type=\"text\" name=\"numeris\" \/><\/span>\n\t\t<\/p>\n\t<\/div>\n\t<div class=\"form-group\">\n\t\t<p><label class=\"control-label\" for=\"name\">\u0412\u0430\u0448\u0430 \u0446\u0435\u043d\u0430 <\/label><br \/>\n<span class=\"wpcf7-form-control-wrap\" data-name=\"jusukaina\"><input class=\"wpcf7-form-control wpcf7-number wpcf7-validates-as-number form-control input-md input-group\" aria-invalid=\"false\" placeholder=\"\u0412\u0432\u0435\u0434\u0438\u0442\u0435 \u0441\u0432\u043e\u044e \u0446\u0435\u043d\u0443\" value=\"\" type=\"number\" name=\"jusukaina\" \/><\/span>\n\t\t<\/p>\n\t<\/div>\n<\/div>\n<div class=\"col-md-12\">\n\t<div class=\"form-group\">\n\t\t<p><label class=\"control-label\" for=\"name\">\u041f\u0440\u0438\u043c\u0435\u0447\u0430\u043d\u0438\u044f <\/label><br \/>\n<span class=\"wpcf7-form-control-wrap\" data-name=\"pastabos\"><textarea cols=\"40\" rows=\"3\" maxlength=\"2000\" class=\"wpcf7-form-control wpcf7-textarea form-control\" aria-invalid=\"false\" placeholder=\"\u0412\u043f\u0438\u0448\u0438\u0442\u0435 \u0441\u0432\u043e\u0438 \u043f\u0440\u0438\u043c\u0435\u0447\u0430\u043d\u0438\u044f\" name=\"pastabos\"><\/textarea><\/span>\n\t\t<\/p>\n\t<\/div>\n\t<div class=\"form-group\">\n\t\t<div class=\"col-xs-12 col-md-8\">\n\t\t\t<p><input class=\"wpcf7-form-control wpcf7-submit has-spinner btn btn-submit\" type=\"submit\" value=\"\u041e\u0442\u043f\u0440\u0430\u0432\u0438\u0442\u044c\" \/>\n\t\t\t<\/p>\n\t\t<\/div>\n\t<\/div>\n<\/div><div class=\"wpcf7-response-output\" aria-hidden=\"true\"><\/div>\n<\/form>\n<\/div>\n[\/vc_column_text][\/vc_column][\/vc_row]<\/p>\n<\/div>","protected":false},"excerpt":{"rendered":"<p>[vc_row css=&#187;.vc_custom_1419563426188{padding-top: 15px !important;}&#187; row_fullwidth=&#187;0&#8243; overlay=&#187;no&#187;][vc_column width=&#187;1\/1&#8243;][vc_column_text] \u0417\u0410\u041f\u041e\u041b\u041d\u0418\u0422\u0415 \u0424\u041e\u0420\u041c\u0423 \u0417\u0410\u041f\u0420\u041e\u0421\u0410 \u0421\u0415\u0419\u0427\u0410\u0421! \u041f\u0440\u0435\u0434\u0441\u0442\u0430\u0432\u0438\u0442\u0435\u043b\u044c \u043d\u0430\u0448\u0435\u0433\u043e \u043f\u0440\u0435\u0434\u043f\u0440\u0438\u044f\u0442\u0438\u044f \u0441\u0432\u044f\u0436\u0435\u0442\u0441\u044f \u0441 \u0412\u0430\u043c\u0438 \u043f\u043e \u0442\u0435\u043b\u0435\u0444\u043e\u043d\u0443 \u0438\u043b\u0438 \u044d\u043b. \u043f\u043e\u0447\u0442\u0435.[\/vc_column_text][\/vc_column][\/vc_row][vc_row css=&#187;.vc_custom_1421163113321{margin-bottom: 80px !important;}&#187; row_fullwidth=&#187;0&#8243; overlay=&#187;no&#187; row_id=&#187;investorForm&#187;][vc_column width=&#187;1\/1&#8243; el_class=&#187;invest-form&#187;][vc_column_text][\/vc_column_text][\/vc_column][\/vc_row]<\/p>\n","protected":false},"author":1,"featured_media":0,"parent":0,"menu_order":0,"comment_status":"open","ping_status":"open","template":"page-templates\/page-home.php","meta":{"footnotes":""},"yoast_head":"<!-- This site is optimized with the Yoast SEO plugin v23.5 - https:\/\/yoast.com\/wordpress\/plugins\/seo\/ -->\n<title>\u041a\u0430\u043b\u044c\u043a\u0443\u043b\u044f\u0442\u043e\u0440 - Dz\u016bkijos mediena<\/title>\n<meta name=\"robots\" content=\"index, follow, max-snippet:-1, max-image-preview:large, max-video-preview:-1\" \/>\n<link rel=\"canonical\" href=\"https:\/\/www.dzukijosmediena.lt\/ru\/\u043a\u0430\u043b\u044c\u043a\u0443\u043b\u044f\u0442\u043e\u0440\/\" \/>\n<meta property=\"og:locale\" content=\"ru_RU\" \/>\n<meta property=\"og:type\" content=\"article\" \/>\n<meta property=\"og:title\" content=\"\u041a\u0430\u043b\u044c\u043a\u0443\u043b\u044f\u0442\u043e\u0440 - Dz\u016bkijos mediena\" \/>\n<meta property=\"og:description\" content=\"[vc_row css=&#187;.vc_custom_1419563426188{padding-top: 15px !important;}&#187; row_fullwidth=&#187;0&#8243; overlay=&#187;no&#187;][vc_column width=&#187;1\/1&#8243;][vc_column_text] \u0417\u0410\u041f\u041e\u041b\u041d\u0418\u0422\u0415 \u0424\u041e\u0420\u041c\u0423 \u0417\u0410\u041f\u0420\u041e\u0421\u0410 \u0421\u0415\u0419\u0427\u0410\u0421! \u041f\u0440\u0435\u0434\u0441\u0442\u0430\u0432\u0438\u0442\u0435\u043b\u044c \u043d\u0430\u0448\u0435\u0433\u043e \u043f\u0440\u0435\u0434\u043f\u0440\u0438\u044f\u0442\u0438\u044f \u0441\u0432\u044f\u0436\u0435\u0442\u0441\u044f \u0441 \u0412\u0430\u043c\u0438 \u043f\u043e \u0442\u0435\u043b\u0435\u0444\u043e\u043d\u0443 \u0438\u043b\u0438 \u044d\u043b. \u043f\u043e\u0447\u0442\u0435.[\/vc_column_text][\/vc_column][\/vc_row][vc_row css=&#187;.vc_custom_1421163113321{margin-bottom: 80px !important;}&#187; row_fullwidth=&#187;0&#8243; overlay=&#187;no&#187; row_id=&#187;investorForm&#187;][vc_column width=&#187;1\/1&#8243; el_class=&#187;invest-form&#187;][vc_column_text][\/vc_column_text][\/vc_column][\/vc_row]\" \/>\n<meta property=\"og:url\" content=\"https:\/\/www.dzukijosmediena.lt\/ru\/\u043a\u0430\u043b\u044c\u043a\u0443\u043b\u044f\u0442\u043e\u0440\/\" \/>\n<meta property=\"og:site_name\" content=\"Dz\u016bkijos mediena\" \/>\n<meta property=\"article:modified_time\" content=\"2015-08-07T14:23:51+00:00\" \/>\n<meta name=\"twitter:card\" content=\"summary_large_image\" \/>\n<script type=\"application\/ld+json\" class=\"yoast-schema-graph\">{\"@context\":\"https:\/\/schema.org\",\"@graph\":[{\"@type\":\"WebPage\",\"@id\":\"https:\/\/www.dzukijosmediena.lt\/ru\/%d0%ba%d0%b0%d0%bb%d1%8c%d0%ba%d1%83%d0%bb%d1%8f%d1%82%d0%be%d1%80\/\",\"url\":\"https:\/\/www.dzukijosmediena.lt\/ru\/%d0%ba%d0%b0%d0%bb%d1%8c%d0%ba%d1%83%d0%bb%d1%8f%d1%82%d0%be%d1%80\/\",\"name\":\"\u041a\u0430\u043b\u044c\u043a\u0443\u043b\u044f\u0442\u043e\u0440 - Dz\u016bkijos mediena\",\"isPartOf\":{\"@id\":\"https:\/\/www.dzukijosmediena.lt\/#website\"},\"datePublished\":\"2015-08-07T10:34:15+00:00\",\"dateModified\":\"2015-08-07T14:23:51+00:00\",\"breadcrumb\":{\"@id\":\"https:\/\/www.dzukijosmediena.lt\/ru\/%d0%ba%d0%b0%d0%bb%d1%8c%d0%ba%d1%83%d0%bb%d1%8f%d1%82%d0%be%d1%80\/#breadcrumb\"},\"inLanguage\":\"ru-RU\",\"potentialAction\":[{\"@type\":\"ReadAction\",\"target\":[\"https:\/\/www.dzukijosmediena.lt\/ru\/%d0%ba%d0%b0%d0%bb%d1%8c%d0%ba%d1%83%d0%bb%d1%8f%d1%82%d0%be%d1%80\/\"]}]},{\"@type\":\"BreadcrumbList\",\"@id\":\"https:\/\/www.dzukijosmediena.lt\/ru\/%d0%ba%d0%b0%d0%bb%d1%8c%d0%ba%d1%83%d0%bb%d1%8f%d1%82%d0%be%d1%80\/#breadcrumb\",\"itemListElement\":[{\"@type\":\"ListItem\",\"position\":1,\"name\":\"Home\",\"item\":\"https:\/\/www.dzukijosmediena.lt\/ru\/%d0%bf%d0%b5%d1%80%d0%b2%d0%b8%d1%87%d0%bd%d1%8b%d0%b5\/\"},{\"@type\":\"ListItem\",\"position\":2,\"name\":\"\u041a\u0430\u043b\u044c\u043a\u0443\u043b\u044f\u0442\u043e\u0440\"}]},{\"@type\":\"WebSite\",\"@id\":\"https:\/\/www.dzukijosmediena.lt\/#website\",\"url\":\"https:\/\/www.dzukijosmediena.lt\/\",\"name\":\"Dz\u016bkijos mediena\",\"description\":\"Perkame mi\u0161k\u0105 | Parduodame medien\u0105 | \",\"potentialAction\":[{\"@type\":\"SearchAction\",\"target\":{\"@type\":\"EntryPoint\",\"urlTemplate\":\"https:\/\/www.dzukijosmediena.lt\/?s={search_term_string}\"},\"query-input\":{\"@type\":\"PropertyValueSpecification\",\"valueRequired\":true,\"valueName\":\"search_term_string\"}}],\"inLanguage\":\"ru-RU\"}]}<\/script>\n<!-- \/ Yoast SEO plugin. -->","yoast_head_json":{"title":"\u041a\u0430\u043b\u044c\u043a\u0443\u043b\u044f\u0442\u043e\u0440 - Dz\u016bkijos mediena","robots":{"index":"index","follow":"follow","max-snippet":"max-snippet:-1","max-image-preview":"max-image-preview:large","max-video-preview":"max-video-preview:-1"},"canonical":"https:\/\/www.dzukijosmediena.lt\/ru\/\u043a\u0430\u043b\u044c\u043a\u0443\u043b\u044f\u0442\u043e\u0440\/","og_locale":"ru_RU","og_type":"article","og_title":"\u041a\u0430\u043b\u044c\u043a\u0443\u043b\u044f\u0442\u043e\u0440 - Dz\u016bkijos mediena","og_description":"[vc_row css=&#187;.vc_custom_1419563426188{padding-top: 15px !important;}&#187; row_fullwidth=&#187;0&#8243; overlay=&#187;no&#187;][vc_column width=&#187;1\/1&#8243;][vc_column_text] \u0417\u0410\u041f\u041e\u041b\u041d\u0418\u0422\u0415 \u0424\u041e\u0420\u041c\u0423 \u0417\u0410\u041f\u0420\u041e\u0421\u0410 \u0421\u0415\u0419\u0427\u0410\u0421! \u041f\u0440\u0435\u0434\u0441\u0442\u0430\u0432\u0438\u0442\u0435\u043b\u044c \u043d\u0430\u0448\u0435\u0433\u043e \u043f\u0440\u0435\u0434\u043f\u0440\u0438\u044f\u0442\u0438\u044f \u0441\u0432\u044f\u0436\u0435\u0442\u0441\u044f \u0441 \u0412\u0430\u043c\u0438 \u043f\u043e \u0442\u0435\u043b\u0435\u0444\u043e\u043d\u0443 \u0438\u043b\u0438 \u044d\u043b. \u043f\u043e\u0447\u0442\u0435.[\/vc_column_text][\/vc_column][\/vc_row][vc_row css=&#187;.vc_custom_1421163113321{margin-bottom: 80px !important;}&#187; row_fullwidth=&#187;0&#8243; overlay=&#187;no&#187; row_id=&#187;investorForm&#187;][vc_column width=&#187;1\/1&#8243; el_class=&#187;invest-form&#187;][vc_column_text][\/vc_column_text][\/vc_column][\/vc_row]","og_url":"https:\/\/www.dzukijosmediena.lt\/ru\/\u043a\u0430\u043b\u044c\u043a\u0443\u043b\u044f\u0442\u043e\u0440\/","og_site_name":"Dz\u016bkijos mediena","article_modified_time":"2015-08-07T14:23:51+00:00","twitter_card":"summary_large_image","schema":{"@context":"https:\/\/schema.org","@graph":[{"@type":"WebPage","@id":"https:\/\/www.dzukijosmediena.lt\/ru\/%d0%ba%d0%b0%d0%bb%d1%8c%d0%ba%d1%83%d0%bb%d1%8f%d1%82%d0%be%d1%80\/","url":"https:\/\/www.dzukijosmediena.lt\/ru\/%d0%ba%d0%b0%d0%bb%d1%8c%d0%ba%d1%83%d0%bb%d1%8f%d1%82%d0%be%d1%80\/","name":"\u041a\u0430\u043b\u044c\u043a\u0443\u043b\u044f\u0442\u043e\u0440 - Dz\u016bkijos mediena","isPartOf":{"@id":"https:\/\/www.dzukijosmediena.lt\/#website"},"datePublished":"2015-08-07T10:34:15+00:00","dateModified":"2015-08-07T14:23:51+00:00","breadcrumb":{"@id":"https:\/\/www.dzukijosmediena.lt\/ru\/%d0%ba%d0%b0%d0%bb%d1%8c%d0%ba%d1%83%d0%bb%d1%8f%d1%82%d0%be%d1%80\/#breadcrumb"},"inLanguage":"ru-RU","potentialAction":[{"@type":"ReadAction","target":["https:\/\/www.dzukijosmediena.lt\/ru\/%d0%ba%d0%b0%d0%bb%d1%8c%d0%ba%d1%83%d0%bb%d1%8f%d1%82%d0%be%d1%80\/"]}]},{"@type":"BreadcrumbList","@id":"https:\/\/www.dzukijosmediena.lt\/ru\/%d0%ba%d0%b0%d0%bb%d1%8c%d0%ba%d1%83%d0%bb%d1%8f%d1%82%d0%be%d1%80\/#breadcrumb","itemListElement":[{"@type":"ListItem","position":1,"name":"Home","item":"https:\/\/www.dzukijosmediena.lt\/ru\/%d0%bf%d0%b5%d1%80%d0%b2%d0%b8%d1%87%d0%bd%d1%8b%d0%b5\/"},{"@type":"ListItem","position":2,"name":"\u041a\u0430\u043b\u044c\u043a\u0443\u043b\u044f\u0442\u043e\u0440"}]},{"@type":"WebSite","@id":"https:\/\/www.dzukijosmediena.lt\/#website","url":"https:\/\/www.dzukijosmediena.lt\/","name":"Dz\u016bkijos mediena","description":"Perkame mi\u0161k\u0105 | Parduodame medien\u0105 | ","potentialAction":[{"@type":"SearchAction","target":{"@type":"EntryPoint","urlTemplate":"https:\/\/www.dzukijosmediena.lt\/?s={search_term_string}"},"query-input":{"@type":"PropertyValueSpecification","valueRequired":true,"valueName":"search_term_string"}}],"inLanguage":"ru-RU"}]}},"_links":{"self":[{"href":"https:\/\/www.dzukijosmediena.lt\/ru\/wp-json\/wp\/v2\/pages\/1807"}],"collection":[{"href":"https:\/\/www.dzukijosmediena.lt\/ru\/wp-json\/wp\/v2\/pages"}],"about":[{"href":"https:\/\/www.dzukijosmediena.lt\/ru\/wp-json\/wp\/v2\/types\/page"}],"author":[{"embeddable":true,"href":"https:\/\/www.dzukijosmediena.lt\/ru\/wp-json\/wp\/v2\/users\/1"}],"replies":[{"embeddable":true,"href":"https:\/\/www.dzukijosmediena.lt\/ru\/wp-json\/wp\/v2\/comments?post=1807"}],"version-history":[{"count":1,"href":"https:\/\/www.dzukijosmediena.lt\/ru\/wp-json\/wp\/v2\/pages\/1807\/revisions"}],"predecessor-version":[{"id":1853,"href":"https:\/\/www.dzukijosmediena.lt\/ru\/wp-json\/wp\/v2\/pages\/1807\/revisions\/1853"}],"wp:attachment":[{"href":"https:\/\/www.dzukijosmediena.lt\/ru\/wp-json\/wp\/v2\/media?parent=1807"}],"curies":[{"name":"wp","href":"https:\/\/api.w.org\/{rel}","templated":true}]}}