{"id":1772,"date":"2015-08-06T18:30:56","date_gmt":"2015-08-06T15:30:56","guid":{"rendered":"http:\/\/www.dzukijosmediena.lt\/en\/about-us\/"},"modified":"2015-08-06T18:58:16","modified_gmt":"2015-08-06T15:58:16","slug":"about-us","status":"publish","type":"page","link":"https:\/\/www.dzukijosmediena.lt\/en\/about-us\/","title":{"rendered":"About Us"},"content":{"rendered":"<div class=\"wpb-content-wrapper\"><p>[vc_row full_width=&#8221;&#8221; parallax=&#8221;&#8221; parallax_image=&#8221;&#8221; row_fullwidth=&#8221;0&#8243; parallax_class=&#8221;&#8221; row_id=&#8221;tp-company-profile&#8221; overlay=&#8221;no&#8221; el_class=&#8221;tp-company-profile&#8221; css=&#8221;.vc_custom_1419561366978{padding-top: 30px !important;}&#8221;][vc_column width=&#8221;1\/1&#8243;][vc_row_inner][vc_column_inner el_class=&#8221;&#8221; width=&#8221;1\/1&#8243;][vc_column_text css_animation=&#8221;&#8221;]<\/p>\n<h1>Company profile<\/h1>\n<p>Managing more than 2,500 hectares of forest land, the company can offer to the market significant quantities of round wood, is capable of ensuring a stable supply of wood for our buyers and can offer favourable prices and conditions for timber merchants.<\/p>\n<p>[\/vc_column_text][\/vc_column_inner][\/vc_row_inner][vc_row_inner][vc_column_inner el_class=&#8221;&#8221; width=&#8221;1\/1&#8243;][vc_column_text css_animation=&#8221;&#8221;]<\/p>\n<h1>Established in 2008<\/h1>\n<p>We are a young company established in 2008, however, we have a many years\u2019 experience in round wood production and marketing.<\/p>\n<p><span class=\"highlight\">We use our own log trucks for transportation of wood. We transport from 12,000 to 15,000 cu m of round wood per month.<\/span><\/p>\n<p>[\/vc_column_text][\/vc_column_inner][\/vc_row_inner][\/vc_column][\/vc_row][vc_row full_width=&#8221;&#8221; parallax=&#8221;&#8221; parallax_image=&#8221;&#8221; row_fullwidth=&#8221;0&#8243; parallax_class=&#8221;&#8221; row_id=&#8221;quote-section&#8221; overlay=&#8221;no&#8221; el_class=&#8221;quote-section dark-bg&#8221; css=&#8221;.vc_custom_1432709759340{background-color: #2aae6b !important;}&#8221;][vc_column width=&#8221;1\/1&#8243; el_class=&#8221;tp-heading-title&#8221;][vc_column_text css_animation=&#8221;&#8221;]<\/p>\n<h1>FILL IN REQUEST FORM NOW!<\/h1>\n<p>Our representative will contact you on the telephone or via e-mail.[\/vc_column_text]\n<div class=\"wpcf7 no-js\" id=\"wpcf7-f1778-o1\" lang=\"en-US\" dir=\"ltr\">\n<div class=\"screen-reader-response\"><p role=\"status\" aria-live=\"polite\" aria-atomic=\"true\"><\/p> <ul><\/ul><\/div>\n<form action=\"\/en\/wp-json\/wp\/v2\/pages\/1772#wpcf7-f1778-o1\" method=\"post\" class=\"wpcf7-form init\" aria-label=\"Contact form\" novalidate=\"novalidate\" data-status=\"init\">\n<div style=\"display: none;\">\n<input type=\"hidden\" name=\"_wpcf7\" value=\"1778\" \/>\n<input type=\"hidden\" name=\"_wpcf7_version\" value=\"5.9.8\" \/>\n<input type=\"hidden\" name=\"_wpcf7_locale\" value=\"en_US\" \/>\n<input type=\"hidden\" name=\"_wpcf7_unit_tag\" value=\"wpcf7-f1778-o1\" \/>\n<input type=\"hidden\" name=\"_wpcf7_container_post\" value=\"0\" \/>\n<input type=\"hidden\" name=\"_wpcf7_posted_data_hash\" value=\"\" \/>\n<input type=\"hidden\" name=\"_wpcf7_recaptcha_response\" value=\"\" \/>\n<\/div>\n<p class=\"help-block\">Boxes marked with <span class=\"atrisk\">*<\/span> are compulsory\n<\/p>\n<div class=\"col-md-6\">\n\t<div class=\"form-group\">\n\t\t<p><label class=\"control-label\" for=\"name\">Name, Surname<span class=\"atrisk\">*<\/span> <\/label><br \/>\n<span class=\"wpcf7-form-control-wrap\" data-name=\"vardaspavarde\"><input size=\"40\" maxlength=\"400\" class=\"wpcf7-form-control wpcf7-text wpcf7-validates-as-required form-control input-md\" aria-required=\"true\" aria-invalid=\"false\" placeholder=\"Enter name and surname\" value=\"\" type=\"text\" name=\"vardaspavarde\" \/><\/span>\n\t\t<\/p>\n\t<\/div>\n\t<div class=\"form-group\">\n\t\t<p><label class=\"control-label\" for=\"name\">E-mail <\/label><br \/>\n<span class=\"wpcf7-form-control-wrap\" data-name=\"elpastas\"><input size=\"40\" maxlength=\"400\" class=\"wpcf7-form-control wpcf7-email wpcf7-text wpcf7-validates-as-email form-control input-md\" aria-invalid=\"false\" placeholder=\"Enter your e-mail address\" value=\"\" type=\"email\" name=\"elpastas\" \/><\/span>\n\t\t<\/p>\n\t<\/div>\n\t<div class=\"form-group\">\n\t\t<p><label class=\"control-label\" for=\"name\">Telephone <span class=\"atrisk\">*<\/span> <\/label><br \/>\n<span class=\"wpcf7-form-control-wrap\" data-name=\"telefonas\"><input size=\"40\" maxlength=\"15\" class=\"wpcf7-form-control wpcf7-tel wpcf7-validates-as-required wpcf7-text wpcf7-validates-as-tel form-control input-md\" aria-required=\"true\" aria-invalid=\"false\" placeholder=\"Enter your phone number\" value=\"\" type=\"tel\" name=\"telefonas\" \/><\/span>\n\t\t<\/p>\n\t<\/div>\n<\/div>\n<div class=\"col-md-6\">\n\t<div class=\"form-group\">\n\t\t<p><label class=\"control-label\" for=\"name\">Identification of the plot of land according to <\/label><br \/>\n<span class=\"wpcf7-form-control-wrap\" data-name=\"sklypoid\"><select class=\"wpcf7-form-control wpcf7-select form-control input-md\" aria-invalid=\"false\" name=\"sklypoid\"><option value=\"\">&#8212;Please choose an option&#8212;<\/option><option value=\"Unique plot number\">Unique plot number<\/option><option value=\"Cadastral number\">Cadastral number<\/option><option value=\"Registry number\">Registry number<\/option><\/select><\/span>\n\t\t<\/p>\n\t<\/div>\n\t<div class=\"form-group\">\n\t\t<p><label class=\"control-label\" for=\"name\">Number <\/label><br \/>\n<span class=\"wpcf7-form-control-wrap\" data-name=\"numeris\"><input size=\"40\" maxlength=\"400\" class=\"wpcf7-form-control wpcf7-text form-control input-md\" aria-invalid=\"false\" placeholder=\"Enter your plot identification selection number\" value=\"\" type=\"text\" name=\"numeris\" \/><\/span>\n\t\t<\/p>\n\t<\/div>\n\t<div class=\"form-group\">\n\t\t<p><label class=\"control-label\" for=\"name\">Your price <\/label><br \/>\n<span class=\"wpcf7-form-control-wrap\" data-name=\"jusukaina\"><input class=\"wpcf7-form-control wpcf7-number wpcf7-validates-as-number form-control input-md input-group\" aria-invalid=\"false\" placeholder=\"Enter your price \u20ac\" value=\"\" type=\"number\" name=\"jusukaina\" \/><\/span>\n\t\t<\/p>\n\t<\/div>\n<\/div>\n<div class=\"col-md-12\">\n\t<div class=\"form-group\">\n\t\t<p><label class=\"control-label\" for=\"name\">Comments <\/label><br \/>\n<span class=\"wpcf7-form-control-wrap\" data-name=\"pastabos\"><textarea cols=\"40\" rows=\"3\" maxlength=\"2000\" class=\"wpcf7-form-control wpcf7-textarea form-control\" aria-invalid=\"false\" placeholder=\"\u012era\u0161ykite savo pastabas\" name=\"pastabos\"><\/textarea><\/span>\n\t\t<\/p>\n\t<\/div>\n\t<div class=\"form-group\">\n\t\t<div class=\"col-xs-12 col-md-8\">\n\t\t\t<p><input class=\"wpcf7-form-control wpcf7-submit has-spinner btn btn-submit\" type=\"submit\" value=\"Send\" \/>\n\t\t\t<\/p>\n\t\t<\/div>\n\t<\/div>\n<\/div><div class=\"wpcf7-response-output\" aria-hidden=\"true\"><\/div>\n<\/form>\n<\/div>\n[\/vc_column][\/vc_row][vc_row full_width=&#8221;&#8221; parallax=&#8221;&#8221; parallax_image=&#8221;&#8221; row_fullwidth=&#8221;0&#8243; parallax_class=&#8221;&#8221; row_id=&#8221;&#8221; overlay=&#8221;no&#8221;][vc_column width=&#8221;1\/1&#8243; el_class=&#8221;tp-heading&#8221;][vc_row_inner el_class=&#8221;about-feature&#8221;][vc_column_inner el_class=&#8221;tp-heading&#8221; width=&#8221;1\/2&#8243;]<div class=\"tp-about-block\"><h2><span><\/span>Main areas of activity of UAB &quot;Dz\u016bkijos mediena&quot;:<\/h2><ul>\n<li><i class=\"fa fa-angle-double-right\"><\/i> Production of round wood.<\/li>\n<li><i class=\"fa fa-angle-double-right\"><\/i> Round wood trade.<\/li>\n<li><i class=\"fa fa-angle-double-right\"><\/i> Purchase of land with forest.<\/li>\n<li><i class=\"fa fa-angle-double-right\"><\/i> Purchase of forest for cutting.<\/li>\n<li><i class=\"fa fa-angle-double-right\"><\/i> Forest landscaping (sanitary and current cutting).<\/li>\n<li><i class=\"fa fa-angle-double-right\"><\/i> Preparation of forest landscaping projects, preparation of cutting areas and documents.<\/li>\n<\/ul>\n<\/div>[\/vc_column_inner][vc_column_inner el_class=&#8221;&#8221; width=&#8221;1\/2&#8243;]<div class=\"tp-about-block\"><h2><span><\/span>Area of operation<\/h2><p>The company is located in Alytus. We have been successfully performing our activity not only in the Southern Lithuania, but in all Lithuanian regions as well.<\/p>\n<\/div>[\/vc_column_inner][\/vc_row_inner][\/vc_column][\/vc_row]<\/p>\n<\/div>","protected":false},"excerpt":{"rendered":"<p>[vc_row full_width=&#8221;&#8221; parallax=&#8221;&#8221; parallax_image=&#8221;&#8221; row_fullwidth=&#8221;0&#8243; parallax_class=&#8221;&#8221; row_id=&#8221;tp-company-profile&#8221; overlay=&#8221;no&#8221; el_class=&#8221;tp-company-profile&#8221; css=&#8221;.vc_custom_1419561366978{padding-top: 30px !important;}&#8221;][vc_column width=&#8221;1\/1&#8243;][vc_row_inner][vc_column_inner el_class=&#8221;&#8221; width=&#8221;1\/1&#8243;][vc_column_text css_animation=&#8221;&#8221;] Company profile Managing more than 2,500 hectares of forest land, the company can offer to the market significant quantities of round wood, is capable of ensuring a stable supply of wood for our buyers and can offer favourable prices [&hellip;]<\/p>\n","protected":false},"author":1,"featured_media":0,"parent":0,"menu_order":0,"comment_status":"closed","ping_status":"closed","template":"page-templates\/page-home.php","meta":{"footnotes":""},"yoast_head":"<!-- This site is optimized with the Yoast SEO plugin v23.5 - https:\/\/yoast.com\/wordpress\/plugins\/seo\/ -->\n<title>About Us - Dz\u016bkijos mediena<\/title>\n<meta name=\"robots\" content=\"index, follow, max-snippet:-1, max-image-preview:large, max-video-preview:-1\" \/>\n<link rel=\"canonical\" href=\"https:\/\/www.dzukijosmediena.lt\/en\/about-us\/\" \/>\n<meta property=\"og:locale\" content=\"en_US\" \/>\n<meta property=\"og:type\" content=\"article\" \/>\n<meta property=\"og:title\" content=\"About Us - Dz\u016bkijos mediena\" \/>\n<meta property=\"og:description\" content=\"[vc_row full_width=&#8221;&#8221; parallax=&#8221;&#8221; parallax_image=&#8221;&#8221; row_fullwidth=&#8221;0&#8243; parallax_class=&#8221;&#8221; row_id=&#8221;tp-company-profile&#8221; overlay=&#8221;no&#8221; el_class=&#8221;tp-company-profile&#8221; css=&#8221;.vc_custom_1419561366978{padding-top: 30px !important;}&#8221;][vc_column width=&#8221;1\/1&#8243;][vc_row_inner][vc_column_inner el_class=&#8221;&#8221; width=&#8221;1\/1&#8243;][vc_column_text css_animation=&#8221;&#8221;] Company profile Managing more than 2,500 hectares of forest land, the company can offer to the market significant quantities of round wood, is capable of ensuring a stable supply of wood for our buyers and can offer favourable prices [&hellip;]\" \/>\n<meta property=\"og:url\" content=\"https:\/\/www.dzukijosmediena.lt\/en\/about-us\/\" \/>\n<meta property=\"og:site_name\" content=\"Dz\u016bkijos mediena\" \/>\n<meta property=\"article:modified_time\" content=\"2015-08-06T15:58:16+00:00\" \/>\n<meta name=\"twitter:card\" content=\"summary_large_image\" \/>\n<meta name=\"twitter:label1\" content=\"Est. reading time\" \/>\n\t<meta name=\"twitter:data1\" content=\"2 minutes\" \/>\n<script type=\"application\/ld+json\" class=\"yoast-schema-graph\">{\"@context\":\"https:\/\/schema.org\",\"@graph\":[{\"@type\":\"WebPage\",\"@id\":\"https:\/\/www.dzukijosmediena.lt\/en\/about-us\/\",\"url\":\"https:\/\/www.dzukijosmediena.lt\/en\/about-us\/\",\"name\":\"About Us - Dz\u016bkijos mediena\",\"isPartOf\":{\"@id\":\"https:\/\/www.dzukijosmediena.lt\/#website\"},\"datePublished\":\"2015-08-06T15:30:56+00:00\",\"dateModified\":\"2015-08-06T15:58:16+00:00\",\"breadcrumb\":{\"@id\":\"https:\/\/www.dzukijosmediena.lt\/en\/about-us\/#breadcrumb\"},\"inLanguage\":\"en-US\",\"potentialAction\":[{\"@type\":\"ReadAction\",\"target\":[\"https:\/\/www.dzukijosmediena.lt\/en\/about-us\/\"]}]},{\"@type\":\"BreadcrumbList\",\"@id\":\"https:\/\/www.dzukijosmediena.lt\/en\/about-us\/#breadcrumb\",\"itemListElement\":[{\"@type\":\"ListItem\",\"position\":1,\"name\":\"Home\",\"item\":\"https:\/\/www.dzukijosmediena.lt\/en\/\"},{\"@type\":\"ListItem\",\"position\":2,\"name\":\"About Us\"}]},{\"@type\":\"WebSite\",\"@id\":\"https:\/\/www.dzukijosmediena.lt\/#website\",\"url\":\"https:\/\/www.dzukijosmediena.lt\/\",\"name\":\"Dz\u016bkijos mediena\",\"description\":\"Perkame mi\u0161k\u0105 | Parduodame medien\u0105 | \",\"potentialAction\":[{\"@type\":\"SearchAction\",\"target\":{\"@type\":\"EntryPoint\",\"urlTemplate\":\"https:\/\/www.dzukijosmediena.lt\/?s={search_term_string}\"},\"query-input\":{\"@type\":\"PropertyValueSpecification\",\"valueRequired\":true,\"valueName\":\"search_term_string\"}}],\"inLanguage\":\"en-US\"}]}<\/script>\n<!-- \/ Yoast SEO plugin. -->","yoast_head_json":{"title":"About Us - Dz\u016bkijos mediena","robots":{"index":"index","follow":"follow","max-snippet":"max-snippet:-1","max-image-preview":"max-image-preview:large","max-video-preview":"max-video-preview:-1"},"canonical":"https:\/\/www.dzukijosmediena.lt\/en\/about-us\/","og_locale":"en_US","og_type":"article","og_title":"About Us - Dz\u016bkijos mediena","og_description":"[vc_row full_width=&#8221;&#8221; parallax=&#8221;&#8221; parallax_image=&#8221;&#8221; row_fullwidth=&#8221;0&#8243; parallax_class=&#8221;&#8221; row_id=&#8221;tp-company-profile&#8221; overlay=&#8221;no&#8221; el_class=&#8221;tp-company-profile&#8221; css=&#8221;.vc_custom_1419561366978{padding-top: 30px !important;}&#8221;][vc_column width=&#8221;1\/1&#8243;][vc_row_inner][vc_column_inner el_class=&#8221;&#8221; width=&#8221;1\/1&#8243;][vc_column_text css_animation=&#8221;&#8221;] Company profile Managing more than 2,500 hectares of forest land, the company can offer to the market significant quantities of round wood, is capable of ensuring a stable supply of wood for our buyers and can offer favourable prices [&hellip;]","og_url":"https:\/\/www.dzukijosmediena.lt\/en\/about-us\/","og_site_name":"Dz\u016bkijos mediena","article_modified_time":"2015-08-06T15:58:16+00:00","twitter_card":"summary_large_image","twitter_misc":{"Est. reading time":"2 minutes"},"schema":{"@context":"https:\/\/schema.org","@graph":[{"@type":"WebPage","@id":"https:\/\/www.dzukijosmediena.lt\/en\/about-us\/","url":"https:\/\/www.dzukijosmediena.lt\/en\/about-us\/","name":"About Us - Dz\u016bkijos mediena","isPartOf":{"@id":"https:\/\/www.dzukijosmediena.lt\/#website"},"datePublished":"2015-08-06T15:30:56+00:00","dateModified":"2015-08-06T15:58:16+00:00","breadcrumb":{"@id":"https:\/\/www.dzukijosmediena.lt\/en\/about-us\/#breadcrumb"},"inLanguage":"en-US","potentialAction":[{"@type":"ReadAction","target":["https:\/\/www.dzukijosmediena.lt\/en\/about-us\/"]}]},{"@type":"BreadcrumbList","@id":"https:\/\/www.dzukijosmediena.lt\/en\/about-us\/#breadcrumb","itemListElement":[{"@type":"ListItem","position":1,"name":"Home","item":"https:\/\/www.dzukijosmediena.lt\/en\/"},{"@type":"ListItem","position":2,"name":"About Us"}]},{"@type":"WebSite","@id":"https:\/\/www.dzukijosmediena.lt\/#website","url":"https:\/\/www.dzukijosmediena.lt\/","name":"Dz\u016bkijos mediena","description":"Perkame mi\u0161k\u0105 | Parduodame medien\u0105 | ","potentialAction":[{"@type":"SearchAction","target":{"@type":"EntryPoint","urlTemplate":"https:\/\/www.dzukijosmediena.lt\/?s={search_term_string}"},"query-input":{"@type":"PropertyValueSpecification","valueRequired":true,"valueName":"search_term_string"}}],"inLanguage":"en-US"}]}},"_links":{"self":[{"href":"https:\/\/www.dzukijosmediena.lt\/en\/wp-json\/wp\/v2\/pages\/1772"}],"collection":[{"href":"https:\/\/www.dzukijosmediena.lt\/en\/wp-json\/wp\/v2\/pages"}],"about":[{"href":"https:\/\/www.dzukijosmediena.lt\/en\/wp-json\/wp\/v2\/types\/page"}],"author":[{"embeddable":true,"href":"https:\/\/www.dzukijosmediena.lt\/en\/wp-json\/wp\/v2\/users\/1"}],"replies":[{"embeddable":true,"href":"https:\/\/www.dzukijosmediena.lt\/en\/wp-json\/wp\/v2\/comments?post=1772"}],"version-history":[{"count":3,"href":"https:\/\/www.dzukijosmediena.lt\/en\/wp-json\/wp\/v2\/pages\/1772\/revisions"}],"predecessor-version":[{"id":1780,"href":"https:\/\/www.dzukijosmediena.lt\/en\/wp-json\/wp\/v2\/pages\/1772\/revisions\/1780"}],"wp:attachment":[{"href":"https:\/\/www.dzukijosmediena.lt\/en\/wp-json\/wp\/v2\/media?parent=1772"}],"curies":[{"name":"wp","href":"https:\/\/api.w.org\/{rel}","templated":true}]}}