{"id":1761,"date":"2015-08-06T17:24:51","date_gmt":"2015-08-06T14:24:51","guid":{"rendered":"http:\/\/www.dzukijosmediena.lt\/en\/home\/"},"modified":"2015-08-07T02:43:53","modified_gmt":"2015-08-06T23:43:53","slug":"home","status":"publish","type":"page","link":"https:\/\/www.dzukijosmediena.lt\/en\/","title":{"rendered":"Home"},"content":{"rendered":"<div class=\"wpb-content-wrapper\"><p>[vc_row full_width=&#8221;&#8221; parallax=&#8221;&#8221; parallax_image=&#8221;&#8221; row_fullwidth=&#8221;1&#8243; parallax_class=&#8221;&#8221; row_id=&#8221;slider&#8221; overlay=&#8221;no&#8221;][vc_column width=&#8221;1\/1&#8243; css=&#8221;.vc_custom_1418726285229{padding-right: 0px !important;padding-left: 0px !important;}&#8221;][st_camera_slider loader=&#8221;bar&#8221; autoplay=&#8221;true&#8221; height=&#8221;650&#8243; speed=&#8221;5000&#8243;][st_camera_slider_item bg_img=&#8221;1661&#8243;]<\/p>\n<h1>WE BUY FOREST WITH LAND FOR\u00a0LUMBERING<\/h1>\n<p>[\/st_camera_slider_item][st_camera_slider_item bg_img=&#8221;1214&#8243; button=&#8221;url:%2Fen%2Fveikla%2F|title:%C5%BDi%C5%ABr%C4%97ti%20Veikl%C4%85|&#8221;]<\/p>\n<h1>We do lumbering (clear cutting, step-wise, thinning and sanitary).<\/h1>\n<p>[\/st_camera_slider_item][st_camera_slider_item bg_img=&#8221;1211&#8243; button=&#8221;url:%2Fen%2Fveikla%2F|title:%C5%BDi%C5%ABr%C4%97ti%20veikl%C4%85|&#8221;]<\/p>\n<h1>We buy wood<\/h1>\n<p>[\/st_camera_slider_item][st_camera_slider_item bg_img=&#8221;1212&#8243; button=&#8221;url:%2Fveikla%2F|title:%C5%BDi%C5%ABr%C4%97ti%20Veikl%C4%85|&#8221;]<\/p>\n<h1>We buy forest lumber waste, branches for biofuel<\/h1>\n<p>[\/st_camera_slider_item][\/st_camera_slider][\/vc_column][\/vc_row][vc_row full_width=&#8221;&#8221; parallax=&#8221;&#8221; parallax_image=&#8221;&#8221; row_fullwidth=&#8221;0&#8243; parallax_class=&#8221;&#8221; row_id=&#8221;&#8221; overlay=&#8221;no&#8221; el_class=&#8221;tp-aboutus&#8221;][vc_column width=&#8221;1\/1&#8243; offset=&#8221;vc_hidden-md vc_hidden-sm vc_hidden-xs&#8221;][vc_column_text css_animation=&#8221;&#8221;]<\/p>\n<h1>Meet\u00a0UAB &#8220;Dz\u016bkijos Mediena&#8221;<\/h1>\n<p>We are a reliable and commerce-oriented forestry company with our own\u00a0expanding fast-growing timber plantations in the local market.[\/vc_column_text][\/vc_column][vc_column width=&#8221;1\/3&#8243; offset=&#8221;vc_hidden-md vc_hidden-sm vc_hidden-xs&#8221;][vc_column_text]<\/p>\n<h1>We are competent in our market<\/h1>\n<p>Managing more than 2,500 hectares of forest land, the company can offer to the market significant quantities of round wood, is capable of ensuring a stable supply of wood for our buyers and can offer favourable prices and conditions for timber merchants.<\/p>\n<p><a class=\"btn-outline btn\" href=\"\/?page_id=1772\">More<\/a>[\/vc_column_text][\/vc_column][vc_column width=&#8221;1\/3&#8243; offset=&#8221;vc_col-xs-6&#8243;]<div class=\"tp-about-block\"><h2><span><\/span>our history<\/h2><p>We are a young company established in 2008, however, we have a many years\u2019 experience in round wood production and marketing. In 2011 the company became one of the largest suppliers of round wood in Lithuania producing and supplying the market with 10-14 thousand cubic metres of round wood.<\/p>\n<\/div><div class=\"tp-about-block\"><h2><span><\/span>Areas of activity<\/h2><ul>\n<li><i class=\"fa fa-angle-double-right\"><\/i> Production of round wood.<\/li>\n<li><i class=\"fa fa-angle-double-right\"><\/i> Round wood trade.<\/li>\n<li><i class=\"fa fa-angle-double-right\"><\/i> Purchase of land with forest.<\/li>\n<li><i class=\"fa fa-angle-double-right\"><\/i> Purchase of forest for cutting.<\/li>\n<li><i class=\"fa fa-angle-double-right\"><\/i> Forest landscaping (sanitary and current cutting).<\/li>\n<li><i class=\"fa fa-angle-double-right\"><\/i> Preparation of forest landscaping projects, preparation of cutting areas and documents.<\/li>\n<\/ul>\n<\/div>[\/vc_column][vc_column width=&#8221;1\/3&#8243; offset=&#8221;vc_col-xs-6&#8243;]<div class=\"tp-about-block\"><h2><span><\/span>biofuel<\/h2><p>In December 2012 we launched the production and supplies of biofuel from logging waste and tree branches. Our monthly capacity: 3,000-3,500 cu m (or 9,000 stacked cubic metres) of biofuel.<\/p>\n<\/div><div class=\"tp-about-block\"><h2><span><\/span>Area of operation<\/h2><p>\nThe company is located in Alytus. We have been successfully performing our activity not only in the Southern Lithuania, but in all Lithuanian regions as well.<\/p>\n<\/div>[\/vc_column][\/vc_row]<\/p>\n<\/div>","protected":false},"excerpt":{"rendered":"<p>[vc_row full_width=&#8221;&#8221; parallax=&#8221;&#8221; parallax_image=&#8221;&#8221; row_fullwidth=&#8221;1&#8243; parallax_class=&#8221;&#8221; row_id=&#8221;slider&#8221; overlay=&#8221;no&#8221;][vc_column width=&#8221;1\/1&#8243; css=&#8221;.vc_custom_1418726285229{padding-right: 0px !important;padding-left: 0px !important;}&#8221;][st_camera_slider loader=&#8221;bar&#8221; autoplay=&#8221;true&#8221; height=&#8221;650&#8243; speed=&#8221;5000&#8243;][st_camera_slider_item bg_img=&#8221;1661&#8243;] WE BUY FOREST WITH LAND FOR\u00a0LUMBERING [\/st_camera_slider_item][st_camera_slider_item bg_img=&#8221;1214&#8243; button=&#8221;url:%2Fen%2Fveikla%2F|title:%C5%BDi%C5%ABr%C4%97ti%20Veikl%C4%85|&#8221;] We do lumbering (clear cutting, step-wise, thinning and sanitary). [\/st_camera_slider_item][st_camera_slider_item bg_img=&#8221;1211&#8243; button=&#8221;url:%2Fen%2Fveikla%2F|title:%C5%BDi%C5%ABr%C4%97ti%20veikl%C4%85|&#8221;] We buy wood [\/st_camera_slider_item][st_camera_slider_item bg_img=&#8221;1212&#8243; button=&#8221;url:%2Fveikla%2F|title:%C5%BDi%C5%ABr%C4%97ti%20Veikl%C4%85|&#8221;] We buy forest lumber waste, branches for biofuel [\/st_camera_slider_item][\/st_camera_slider][\/vc_column][\/vc_row][vc_row [&hellip;]<\/p>\n","protected":false},"author":1,"featured_media":0,"parent":0,"menu_order":0,"comment_status":"open","ping_status":"open","template":"page-templates\/page-home.php","meta":{"footnotes":""},"yoast_head":"<!-- This site is optimized with the Yoast SEO plugin v23.5 - https:\/\/yoast.com\/wordpress\/plugins\/seo\/ -->\n<title>Home - Dz\u016bkijos mediena<\/title>\n<meta name=\"robots\" content=\"index, follow, max-snippet:-1, max-image-preview:large, max-video-preview:-1\" \/>\n<link rel=\"canonical\" href=\"https:\/\/www.dzukijosmediena.lt\/en\/\" \/>\n<meta property=\"og:locale\" content=\"en_US\" \/>\n<meta property=\"og:type\" content=\"article\" \/>\n<meta property=\"og:title\" content=\"Home - Dz\u016bkijos mediena\" \/>\n<meta property=\"og:description\" content=\"[vc_row full_width=&#8221;&#8221; parallax=&#8221;&#8221; parallax_image=&#8221;&#8221; row_fullwidth=&#8221;1&#8243; parallax_class=&#8221;&#8221; row_id=&#8221;slider&#8221; overlay=&#8221;no&#8221;][vc_column width=&#8221;1\/1&#8243; css=&#8221;.vc_custom_1418726285229{padding-right: 0px !important;padding-left: 0px !important;}&#8221;][st_camera_slider loader=&#8221;bar&#8221; autoplay=&#8221;true&#8221; height=&#8221;650&#8243; speed=&#8221;5000&#8243;][st_camera_slider_item bg_img=&#8221;1661&#8243;] WE BUY FOREST WITH LAND FOR\u00a0LUMBERING [\/st_camera_slider_item][st_camera_slider_item bg_img=&#8221;1214&#8243; button=&#8221;url:%2Fen%2Fveikla%2F|title:%C5%BDi%C5%ABr%C4%97ti%20Veikl%C4%85|&#8221;] We do lumbering (clear cutting, step-wise, thinning and sanitary). [\/st_camera_slider_item][st_camera_slider_item bg_img=&#8221;1211&#8243; button=&#8221;url:%2Fen%2Fveikla%2F|title:%C5%BDi%C5%ABr%C4%97ti%20veikl%C4%85|&#8221;] We buy wood [\/st_camera_slider_item][st_camera_slider_item bg_img=&#8221;1212&#8243; button=&#8221;url:%2Fveikla%2F|title:%C5%BDi%C5%ABr%C4%97ti%20Veikl%C4%85|&#8221;] We buy forest lumber waste, branches for biofuel [\/st_camera_slider_item][\/st_camera_slider][\/vc_column][\/vc_row][vc_row [&hellip;]\" \/>\n<meta property=\"og:url\" content=\"https:\/\/www.dzukijosmediena.lt\/en\/\" \/>\n<meta property=\"og:site_name\" content=\"Dz\u016bkijos mediena\" \/>\n<meta property=\"article:modified_time\" content=\"2015-08-06T23:43:53+00:00\" \/>\n<meta name=\"twitter:card\" content=\"summary_large_image\" \/>\n<meta name=\"twitter:label1\" content=\"Est. reading time\" \/>\n\t<meta name=\"twitter:data1\" content=\"2 minutes\" \/>\n<script type=\"application\/ld+json\" class=\"yoast-schema-graph\">{\"@context\":\"https:\/\/schema.org\",\"@graph\":[{\"@type\":\"WebPage\",\"@id\":\"https:\/\/www.dzukijosmediena.lt\/en\/\",\"url\":\"https:\/\/www.dzukijosmediena.lt\/en\/\",\"name\":\"Home - Dz\u016bkijos mediena\",\"isPartOf\":{\"@id\":\"https:\/\/www.dzukijosmediena.lt\/#website\"},\"datePublished\":\"2015-08-06T14:24:51+00:00\",\"dateModified\":\"2015-08-06T23:43:53+00:00\",\"breadcrumb\":{\"@id\":\"https:\/\/www.dzukijosmediena.lt\/en\/#breadcrumb\"},\"inLanguage\":\"en-US\",\"potentialAction\":[{\"@type\":\"ReadAction\",\"target\":[\"https:\/\/www.dzukijosmediena.lt\/en\/\"]}]},{\"@type\":\"BreadcrumbList\",\"@id\":\"https:\/\/www.dzukijosmediena.lt\/en\/#breadcrumb\",\"itemListElement\":[{\"@type\":\"ListItem\",\"position\":1,\"name\":\"Home\",\"item\":\"https:\/\/www.dzukijosmediena.lt\/en\/\"},{\"@type\":\"ListItem\",\"position\":2,\"name\":\"Home\"}]},{\"@type\":\"WebSite\",\"@id\":\"https:\/\/www.dzukijosmediena.lt\/#website\",\"url\":\"https:\/\/www.dzukijosmediena.lt\/\",\"name\":\"Dz\u016bkijos mediena\",\"description\":\"Perkame mi\u0161k\u0105 | Parduodame medien\u0105 | \",\"potentialAction\":[{\"@type\":\"SearchAction\",\"target\":{\"@type\":\"EntryPoint\",\"urlTemplate\":\"https:\/\/www.dzukijosmediena.lt\/?s={search_term_string}\"},\"query-input\":{\"@type\":\"PropertyValueSpecification\",\"valueRequired\":true,\"valueName\":\"search_term_string\"}}],\"inLanguage\":\"en-US\"}]}<\/script>\n<!-- \/ Yoast SEO plugin. -->","yoast_head_json":{"title":"Home - Dz\u016bkijos mediena","robots":{"index":"index","follow":"follow","max-snippet":"max-snippet:-1","max-image-preview":"max-image-preview:large","max-video-preview":"max-video-preview:-1"},"canonical":"https:\/\/www.dzukijosmediena.lt\/en\/","og_locale":"en_US","og_type":"article","og_title":"Home - Dz\u016bkijos mediena","og_description":"[vc_row full_width=&#8221;&#8221; parallax=&#8221;&#8221; parallax_image=&#8221;&#8221; row_fullwidth=&#8221;1&#8243; parallax_class=&#8221;&#8221; row_id=&#8221;slider&#8221; overlay=&#8221;no&#8221;][vc_column width=&#8221;1\/1&#8243; css=&#8221;.vc_custom_1418726285229{padding-right: 0px !important;padding-left: 0px !important;}&#8221;][st_camera_slider loader=&#8221;bar&#8221; autoplay=&#8221;true&#8221; height=&#8221;650&#8243; speed=&#8221;5000&#8243;][st_camera_slider_item bg_img=&#8221;1661&#8243;] WE BUY FOREST WITH LAND FOR\u00a0LUMBERING [\/st_camera_slider_item][st_camera_slider_item bg_img=&#8221;1214&#8243; button=&#8221;url:%2Fen%2Fveikla%2F|title:%C5%BDi%C5%ABr%C4%97ti%20Veikl%C4%85|&#8221;] We do lumbering (clear cutting, step-wise, thinning and sanitary). [\/st_camera_slider_item][st_camera_slider_item bg_img=&#8221;1211&#8243; button=&#8221;url:%2Fen%2Fveikla%2F|title:%C5%BDi%C5%ABr%C4%97ti%20veikl%C4%85|&#8221;] We buy wood [\/st_camera_slider_item][st_camera_slider_item bg_img=&#8221;1212&#8243; button=&#8221;url:%2Fveikla%2F|title:%C5%BDi%C5%ABr%C4%97ti%20Veikl%C4%85|&#8221;] We buy forest lumber waste, branches for biofuel [\/st_camera_slider_item][\/st_camera_slider][\/vc_column][\/vc_row][vc_row [&hellip;]","og_url":"https:\/\/www.dzukijosmediena.lt\/en\/","og_site_name":"Dz\u016bkijos mediena","article_modified_time":"2015-08-06T23:43:53+00:00","twitter_card":"summary_large_image","twitter_misc":{"Est. reading time":"2 minutes"},"schema":{"@context":"https:\/\/schema.org","@graph":[{"@type":"WebPage","@id":"https:\/\/www.dzukijosmediena.lt\/en\/","url":"https:\/\/www.dzukijosmediena.lt\/en\/","name":"Home - Dz\u016bkijos mediena","isPartOf":{"@id":"https:\/\/www.dzukijosmediena.lt\/#website"},"datePublished":"2015-08-06T14:24:51+00:00","dateModified":"2015-08-06T23:43:53+00:00","breadcrumb":{"@id":"https:\/\/www.dzukijosmediena.lt\/en\/#breadcrumb"},"inLanguage":"en-US","potentialAction":[{"@type":"ReadAction","target":["https:\/\/www.dzukijosmediena.lt\/en\/"]}]},{"@type":"BreadcrumbList","@id":"https:\/\/www.dzukijosmediena.lt\/en\/#breadcrumb","itemListElement":[{"@type":"ListItem","position":1,"name":"Home","item":"https:\/\/www.dzukijosmediena.lt\/en\/"},{"@type":"ListItem","position":2,"name":"Home"}]},{"@type":"WebSite","@id":"https:\/\/www.dzukijosmediena.lt\/#website","url":"https:\/\/www.dzukijosmediena.lt\/","name":"Dz\u016bkijos mediena","description":"Perkame mi\u0161k\u0105 | Parduodame medien\u0105 | ","potentialAction":[{"@type":"SearchAction","target":{"@type":"EntryPoint","urlTemplate":"https:\/\/www.dzukijosmediena.lt\/?s={search_term_string}"},"query-input":{"@type":"PropertyValueSpecification","valueRequired":true,"valueName":"search_term_string"}}],"inLanguage":"en-US"}]}},"_links":{"self":[{"href":"https:\/\/www.dzukijosmediena.lt\/en\/wp-json\/wp\/v2\/pages\/1761"}],"collection":[{"href":"https:\/\/www.dzukijosmediena.lt\/en\/wp-json\/wp\/v2\/pages"}],"about":[{"href":"https:\/\/www.dzukijosmediena.lt\/en\/wp-json\/wp\/v2\/types\/page"}],"author":[{"embeddable":true,"href":"https:\/\/www.dzukijosmediena.lt\/en\/wp-json\/wp\/v2\/users\/1"}],"replies":[{"embeddable":true,"href":"https:\/\/www.dzukijosmediena.lt\/en\/wp-json\/wp\/v2\/comments?post=1761"}],"version-history":[{"count":10,"href":"https:\/\/www.dzukijosmediena.lt\/en\/wp-json\/wp\/v2\/pages\/1761\/revisions"}],"predecessor-version":[{"id":1802,"href":"https:\/\/www.dzukijosmediena.lt\/en\/wp-json\/wp\/v2\/pages\/1761\/revisions\/1802"}],"wp:attachment":[{"href":"https:\/\/www.dzukijosmediena.lt\/en\/wp-json\/wp\/v2\/media?parent=1761"}],"curies":[{"name":"wp","href":"https:\/\/api.w.org\/{rel}","templated":true}]}}